{"id":251,"date":"2025-10-08T09:44:34","date_gmt":"2025-10-08T09:44:34","guid":{"rendered":"http:\/\/www.bolsaplast.com\/?page_id=251"},"modified":"2026-02-24T10:43:38","modified_gmt":"2026-02-24T10:43:38","slug":"doypacks","status":"publish","type":"page","link":"https:\/\/www.bolsaplast.com\/en\/doypacks\/","title":{"rendered":"Doypacks"},"content":{"rendered":"<p data-start=\"625\" data-end=\"951\">The bags <strong data-start=\"636\" data-end=\"647\">Doypack<\/strong> are one of the formats of <strong data-start=\"675\" data-end=\"697\">flexible packaging<\/strong> more versatile and in demand because of their <strong data-start=\"733\" data-end=\"788\">high stability, strength and visual presentation<\/strong>.<br data-start=\"789\" data-end=\"792\" \/>Thanks to their rounded base, Doypack bags stand upright, offering a professional image on shelves, at trade fairs or points of sale.<\/p>\n<p data-start=\"953\" data-end=\"1168\">Its laminated structure makes it possible to preserve <strong data-start=\"994\" data-end=\"1020\">all kinds of products<\/strong> -The product is a solid, liquid or powder, keeping its properties intact and ensuring excellent protection against humidity, light and oxygen.<\/p>\n<h4 style=\"text-align: center;\" data-start=\"953\" data-end=\"1168\"><strong>Flexible, strong and 100 % <\/strong><br \/>\n<strong>customisable<\/strong><\/h4>","protected":false},"excerpt":{"rendered":"<p>Las bolsas Doypack son uno de los formatos de packaging flexible m\u00e1s vers\u00e1tiles y demandados por su gran estabilidad, resistencia y presentaci\u00f3n visual.Gracias a su base redondeada, las bolsas Doypack se mantienen en posici\u00f3n vertical, ofreciendo una imagen profesional en estanter\u00edas, ferias o puntos de venta. Su estructura laminada permite conservar todo tipo de productos [&hellip;]<\/p>","protected":false},"author":1,"featured_media":261,"parent":0,"menu_order":0,"comment_status":"closed","ping_status":"closed","template":"page-producte.php","meta":{"_acf_changed":false,"footnotes":""},"class_list":["post-251","page","type-page","status-publish","has-post-thumbnail","hentry"],"acf":[],"yoast_head":"<!-- This site is optimized with the Yoast SEO plugin v26.8 - https:\/\/yoast.com\/product\/yoast-seo-wordpress\/ -->\n<title>Doypacks - Bolsaplast<\/title>\n<meta name=\"robots\" content=\"index, follow, max-snippet:-1, max-image-preview:large, max-video-preview:-1\" \/>\n<link rel=\"canonical\" href=\"https:\/\/www.bolsaplast.com\/en\/doypacks\/\" \/>\n<meta property=\"og:locale\" content=\"en_GB\" \/>\n<meta property=\"og:type\" content=\"article\" \/>\n<meta property=\"og:title\" content=\"Doypacks - Bolsaplast\" \/>\n<meta property=\"og:description\" content=\"Las bolsas Doypack son uno de los formatos de packaging flexible m\u00e1s vers\u00e1tiles y demandados por su gran estabilidad, resistencia y presentaci\u00f3n visual.Gracias a su base redondeada, las bolsas Doypack se mantienen en posici\u00f3n vertical, ofreciendo una imagen profesional en estanter\u00edas, ferias o puntos de venta. Su estructura laminada permite conservar todo tipo de productos [&hellip;]\" \/>\n<meta property=\"og:url\" content=\"https:\/\/www.bolsaplast.com\/en\/doypacks\/\" \/>\n<meta property=\"og:site_name\" content=\"Bolsaplast\" \/>\n<meta property=\"article:modified_time\" content=\"2026-02-24T10:43:38+00:00\" \/>\n<meta property=\"og:image\" content=\"https:\/\/www.bolsaplast.com\/wp-content\/uploads\/2025\/10\/slide-doypack-1-scaled.jpg\" \/>\n\t<meta property=\"og:image:width\" content=\"2560\" \/>\n\t<meta property=\"og:image:height\" content=\"1435\" \/>\n\t<meta property=\"og:image:type\" content=\"image\/jpeg\" \/>\n<meta name=\"twitter:card\" content=\"summary_large_image\" \/>\n<meta name=\"twitter:label1\" content=\"Estimated reading time\" \/>\n\t<meta name=\"twitter:data1\" content=\"1 minute\" \/>\n<script type=\"application\/ld+json\" class=\"yoast-schema-graph\">{\"@context\":\"https:\/\/schema.org\",\"@graph\":[{\"@type\":\"WebPage\",\"@id\":\"https:\/\/www.bolsaplast.com\/doypacks\/\",\"url\":\"https:\/\/www.bolsaplast.com\/doypacks\/\",\"name\":\"Doypacks - Bolsaplast\",\"isPartOf\":{\"@id\":\"https:\/\/www.bolsaplast.com\/#website\"},\"primaryImageOfPage\":{\"@id\":\"https:\/\/www.bolsaplast.com\/doypacks\/#primaryimage\"},\"image\":{\"@id\":\"https:\/\/www.bolsaplast.com\/doypacks\/#primaryimage\"},\"thumbnailUrl\":\"https:\/\/www.bolsaplast.com\/wp-content\/uploads\/2025\/10\/slide-doypack-1-scaled.jpg\",\"datePublished\":\"2025-10-08T09:44:34+00:00\",\"dateModified\":\"2026-02-24T10:43:38+00:00\",\"breadcrumb\":{\"@id\":\"https:\/\/www.bolsaplast.com\/doypacks\/#breadcrumb\"},\"inLanguage\":\"en-GB\",\"potentialAction\":[{\"@type\":\"ReadAction\",\"target\":[\"https:\/\/www.bolsaplast.com\/doypacks\/\"]}]},{\"@type\":\"ImageObject\",\"inLanguage\":\"en-GB\",\"@id\":\"https:\/\/www.bolsaplast.com\/doypacks\/#primaryimage\",\"url\":\"https:\/\/www.bolsaplast.com\/wp-content\/uploads\/2025\/10\/slide-doypack-1-scaled.jpg\",\"contentUrl\":\"https:\/\/www.bolsaplast.com\/wp-content\/uploads\/2025\/10\/slide-doypack-1-scaled.jpg\",\"width\":2560,\"height\":1435},{\"@type\":\"BreadcrumbList\",\"@id\":\"https:\/\/www.bolsaplast.com\/doypacks\/#breadcrumb\",\"itemListElement\":[{\"@type\":\"ListItem\",\"position\":1,\"name\":\"Portada\",\"item\":\"https:\/\/www.bolsaplast.com\/\"},{\"@type\":\"ListItem\",\"position\":2,\"name\":\"Doypacks\"}]},{\"@type\":\"WebSite\",\"@id\":\"https:\/\/www.bolsaplast.com\/#website\",\"url\":\"https:\/\/www.bolsaplast.com\/\",\"name\":\"Bolsaplast\",\"description\":\"Especializados en packaging flexible y medical packaging\",\"potentialAction\":[{\"@type\":\"SearchAction\",\"target\":{\"@type\":\"EntryPoint\",\"urlTemplate\":\"https:\/\/www.bolsaplast.com\/?s={search_term_string}\"},\"query-input\":{\"@type\":\"PropertyValueSpecification\",\"valueRequired\":true,\"valueName\":\"search_term_string\"}}],\"inLanguage\":\"en-GB\"}]}<\/script>\n<!-- \/ Yoast SEO plugin. -->","yoast_head_json":{"title":"Doypacks - Bolsaplast","robots":{"index":"index","follow":"follow","max-snippet":"max-snippet:-1","max-image-preview":"max-image-preview:large","max-video-preview":"max-video-preview:-1"},"canonical":"https:\/\/www.bolsaplast.com\/en\/doypacks\/","og_locale":"en_GB","og_type":"article","og_title":"Doypacks - Bolsaplast","og_description":"Las bolsas Doypack son uno de los formatos de packaging flexible m\u00e1s vers\u00e1tiles y demandados por su gran estabilidad, resistencia y presentaci\u00f3n visual.Gracias a su base redondeada, las bolsas Doypack se mantienen en posici\u00f3n vertical, ofreciendo una imagen profesional en estanter\u00edas, ferias o puntos de venta. Su estructura laminada permite conservar todo tipo de productos [&hellip;]","og_url":"https:\/\/www.bolsaplast.com\/en\/doypacks\/","og_site_name":"Bolsaplast","article_modified_time":"2026-02-24T10:43:38+00:00","og_image":[{"width":2560,"height":1435,"url":"https:\/\/www.bolsaplast.com\/wp-content\/uploads\/2025\/10\/slide-doypack-1-scaled.jpg","type":"image\/jpeg"}],"twitter_card":"summary_large_image","twitter_misc":{"Estimated reading time":"1 minute"},"schema":{"@context":"https:\/\/schema.org","@graph":[{"@type":"WebPage","@id":"https:\/\/www.bolsaplast.com\/doypacks\/","url":"https:\/\/www.bolsaplast.com\/doypacks\/","name":"Doypacks - Bolsaplast","isPartOf":{"@id":"https:\/\/www.bolsaplast.com\/#website"},"primaryImageOfPage":{"@id":"https:\/\/www.bolsaplast.com\/doypacks\/#primaryimage"},"image":{"@id":"https:\/\/www.bolsaplast.com\/doypacks\/#primaryimage"},"thumbnailUrl":"https:\/\/www.bolsaplast.com\/wp-content\/uploads\/2025\/10\/slide-doypack-1-scaled.jpg","datePublished":"2025-10-08T09:44:34+00:00","dateModified":"2026-02-24T10:43:38+00:00","breadcrumb":{"@id":"https:\/\/www.bolsaplast.com\/doypacks\/#breadcrumb"},"inLanguage":"en-GB","potentialAction":[{"@type":"ReadAction","target":["https:\/\/www.bolsaplast.com\/doypacks\/"]}]},{"@type":"ImageObject","inLanguage":"en-GB","@id":"https:\/\/www.bolsaplast.com\/doypacks\/#primaryimage","url":"https:\/\/www.bolsaplast.com\/wp-content\/uploads\/2025\/10\/slide-doypack-1-scaled.jpg","contentUrl":"https:\/\/www.bolsaplast.com\/wp-content\/uploads\/2025\/10\/slide-doypack-1-scaled.jpg","width":2560,"height":1435},{"@type":"BreadcrumbList","@id":"https:\/\/www.bolsaplast.com\/doypacks\/#breadcrumb","itemListElement":[{"@type":"ListItem","position":1,"name":"Portada","item":"https:\/\/www.bolsaplast.com\/"},{"@type":"ListItem","position":2,"name":"Doypacks"}]},{"@type":"WebSite","@id":"https:\/\/www.bolsaplast.com\/#website","url":"https:\/\/www.bolsaplast.com\/","name":"Bolsaplast","description":"Specialised in flexible packaging and medical packaging","potentialAction":[{"@type":"SearchAction","target":{"@type":"EntryPoint","urlTemplate":"https:\/\/www.bolsaplast.com\/?s={search_term_string}"},"query-input":{"@type":"PropertyValueSpecification","valueRequired":true,"valueName":"search_term_string"}}],"inLanguage":"en-GB"}]}},"_links":{"self":[{"href":"https:\/\/www.bolsaplast.com\/en\/wp-json\/wp\/v2\/pages\/251","targetHints":{"allow":["GET"]}}],"collection":[{"href":"https:\/\/www.bolsaplast.com\/en\/wp-json\/wp\/v2\/pages"}],"about":[{"href":"https:\/\/www.bolsaplast.com\/en\/wp-json\/wp\/v2\/types\/page"}],"author":[{"embeddable":true,"href":"https:\/\/www.bolsaplast.com\/en\/wp-json\/wp\/v2\/users\/1"}],"replies":[{"embeddable":true,"href":"https:\/\/www.bolsaplast.com\/en\/wp-json\/wp\/v2\/comments?post=251"}],"version-history":[{"count":34,"href":"https:\/\/www.bolsaplast.com\/en\/wp-json\/wp\/v2\/pages\/251\/revisions"}],"predecessor-version":[{"id":772,"href":"https:\/\/www.bolsaplast.com\/en\/wp-json\/wp\/v2\/pages\/251\/revisions\/772"}],"wp:featuredmedia":[{"embeddable":true,"href":"https:\/\/www.bolsaplast.com\/en\/wp-json\/wp\/v2\/media\/261"}],"wp:attachment":[{"href":"https:\/\/www.bolsaplast.com\/en\/wp-json\/wp\/v2\/media?parent=251"}],"curies":[{"name":"wp","href":"https:\/\/api.w.org\/{rel}","templated":true}]}}