{"id":505,"date":"2026-01-13T11:15:48","date_gmt":"2026-01-13T11:15:48","guid":{"rendered":"http:\/\/www.bolsaplast.com\/?page_id=505"},"modified":"2026-02-09T13:03:11","modified_gmt":"2026-02-09T13:03:11","slug":"film","status":"publish","type":"page","link":"https:\/\/www.bolsaplast.com\/en\/film\/","title":{"rendered":"Film"},"content":{"rendered":"<p>If your packaging system is automatic, at Bolsaplast we offer you the best packaging systems. <strong>most widely used technical laminates on the market<\/strong>, ideal for <strong>vertical (VFFS), horizontal (HFFS) machines<\/strong> or as <strong>lidding film for trays<\/strong>.<\/p>\n<p>Our film is designed to ensure <strong>maximum in-line performance, high barrier and food safety<\/strong>, with quality printing that helps you enhance your brand's image on the shelf.<\/p>\n<h4 style=\"text-align: center;\"><strong>Efficient, versatile and 100 %<br \/>\ncustomisable<\/strong><\/h4>","protected":false},"excerpt":{"rendered":"<p>Si tu sistema de envasado es autom\u00e1tico, en Bolsaplast te ofrecemos los laminados t\u00e9cnicos m\u00e1s utilizados del mercado, ideales para m\u00e1quinas verticales (VFFS), horizontales (HFFS) o como film de tapa para bandejas. Nuestro film est\u00e1 dise\u00f1ado para garantizar m\u00e1ximo rendimiento en l\u00ednea, alta barrera y seguridad alimentaria, con una impresi\u00f3n de calidad que te ayuda [&hellip;]<\/p>","protected":false},"author":1,"featured_media":507,"parent":0,"menu_order":0,"comment_status":"closed","ping_status":"closed","template":"page-producte.php","meta":{"_acf_changed":false,"footnotes":""},"class_list":["post-505","page","type-page","status-publish","has-post-thumbnail","hentry"],"acf":[],"yoast_head":"<!-- This site is optimized with the Yoast SEO plugin v26.8 - https:\/\/yoast.com\/product\/yoast-seo-wordpress\/ -->\n<title>Film - Bolsaplast<\/title>\n<meta name=\"robots\" content=\"index, follow, max-snippet:-1, max-image-preview:large, max-video-preview:-1\" \/>\n<link rel=\"canonical\" href=\"https:\/\/www.bolsaplast.com\/en\/film\/\" \/>\n<meta property=\"og:locale\" content=\"en_GB\" \/>\n<meta property=\"og:type\" content=\"article\" \/>\n<meta property=\"og:title\" content=\"Film - Bolsaplast\" \/>\n<meta property=\"og:description\" content=\"Si tu sistema de envasado es autom\u00e1tico, en Bolsaplast te ofrecemos los laminados t\u00e9cnicos m\u00e1s utilizados del mercado, ideales para m\u00e1quinas verticales (VFFS), horizontales (HFFS) o como film de tapa para bandejas. Nuestro film est\u00e1 dise\u00f1ado para garantizar m\u00e1ximo rendimiento en l\u00ednea, alta barrera y seguridad alimentaria, con una impresi\u00f3n de calidad que te ayuda [&hellip;]\" \/>\n<meta property=\"og:url\" content=\"https:\/\/www.bolsaplast.com\/en\/film\/\" \/>\n<meta property=\"og:site_name\" content=\"Bolsaplast\" \/>\n<meta property=\"article:modified_time\" content=\"2026-02-09T13:03:11+00:00\" \/>\n<meta property=\"og:image\" content=\"https:\/\/www.bolsaplast.com\/wp-content\/uploads\/2026\/01\/BANNER-FILM-2-topaz-upscale-2x-scaled.jpeg\" \/>\n\t<meta property=\"og:image:width\" content=\"2560\" \/>\n\t<meta property=\"og:image:height\" content=\"1440\" \/>\n\t<meta property=\"og:image:type\" content=\"image\/jpeg\" \/>\n<meta name=\"twitter:card\" content=\"summary_large_image\" \/>\n<meta name=\"twitter:label1\" content=\"Estimated reading time\" \/>\n\t<meta name=\"twitter:data1\" content=\"1 minute\" \/>\n<script type=\"application\/ld+json\" class=\"yoast-schema-graph\">{\"@context\":\"https:\/\/schema.org\",\"@graph\":[{\"@type\":\"WebPage\",\"@id\":\"https:\/\/www.bolsaplast.com\/film\/\",\"url\":\"https:\/\/www.bolsaplast.com\/film\/\",\"name\":\"Film - Bolsaplast\",\"isPartOf\":{\"@id\":\"https:\/\/www.bolsaplast.com\/#website\"},\"primaryImageOfPage\":{\"@id\":\"https:\/\/www.bolsaplast.com\/film\/#primaryimage\"},\"image\":{\"@id\":\"https:\/\/www.bolsaplast.com\/film\/#primaryimage\"},\"thumbnailUrl\":\"https:\/\/www.bolsaplast.com\/wp-content\/uploads\/2026\/01\/BANNER-FILM-2-topaz-upscale-2x-scaled.jpeg\",\"datePublished\":\"2026-01-13T11:15:48+00:00\",\"dateModified\":\"2026-02-09T13:03:11+00:00\",\"breadcrumb\":{\"@id\":\"https:\/\/www.bolsaplast.com\/film\/#breadcrumb\"},\"inLanguage\":\"en-GB\",\"potentialAction\":[{\"@type\":\"ReadAction\",\"target\":[\"https:\/\/www.bolsaplast.com\/film\/\"]}]},{\"@type\":\"ImageObject\",\"inLanguage\":\"en-GB\",\"@id\":\"https:\/\/www.bolsaplast.com\/film\/#primaryimage\",\"url\":\"https:\/\/www.bolsaplast.com\/wp-content\/uploads\/2026\/01\/BANNER-FILM-2-topaz-upscale-2x-scaled.jpeg\",\"contentUrl\":\"https:\/\/www.bolsaplast.com\/wp-content\/uploads\/2026\/01\/BANNER-FILM-2-topaz-upscale-2x-scaled.jpeg\",\"width\":2560,\"height\":1440},{\"@type\":\"BreadcrumbList\",\"@id\":\"https:\/\/www.bolsaplast.com\/film\/#breadcrumb\",\"itemListElement\":[{\"@type\":\"ListItem\",\"position\":1,\"name\":\"Portada\",\"item\":\"https:\/\/www.bolsaplast.com\/\"},{\"@type\":\"ListItem\",\"position\":2,\"name\":\"Film\"}]},{\"@type\":\"WebSite\",\"@id\":\"https:\/\/www.bolsaplast.com\/#website\",\"url\":\"https:\/\/www.bolsaplast.com\/\",\"name\":\"Bolsaplast\",\"description\":\"Especializados en packaging flexible y medical packaging\",\"potentialAction\":[{\"@type\":\"SearchAction\",\"target\":{\"@type\":\"EntryPoint\",\"urlTemplate\":\"https:\/\/www.bolsaplast.com\/?s={search_term_string}\"},\"query-input\":{\"@type\":\"PropertyValueSpecification\",\"valueRequired\":true,\"valueName\":\"search_term_string\"}}],\"inLanguage\":\"en-GB\"}]}<\/script>\n<!-- \/ Yoast SEO plugin. -->","yoast_head_json":{"title":"Film - Bolsaplast","robots":{"index":"index","follow":"follow","max-snippet":"max-snippet:-1","max-image-preview":"max-image-preview:large","max-video-preview":"max-video-preview:-1"},"canonical":"https:\/\/www.bolsaplast.com\/en\/film\/","og_locale":"en_GB","og_type":"article","og_title":"Film - Bolsaplast","og_description":"Si tu sistema de envasado es autom\u00e1tico, en Bolsaplast te ofrecemos los laminados t\u00e9cnicos m\u00e1s utilizados del mercado, ideales para m\u00e1quinas verticales (VFFS), horizontales (HFFS) o como film de tapa para bandejas. Nuestro film est\u00e1 dise\u00f1ado para garantizar m\u00e1ximo rendimiento en l\u00ednea, alta barrera y seguridad alimentaria, con una impresi\u00f3n de calidad que te ayuda [&hellip;]","og_url":"https:\/\/www.bolsaplast.com\/en\/film\/","og_site_name":"Bolsaplast","article_modified_time":"2026-02-09T13:03:11+00:00","og_image":[{"width":2560,"height":1440,"url":"https:\/\/www.bolsaplast.com\/wp-content\/uploads\/2026\/01\/BANNER-FILM-2-topaz-upscale-2x-scaled.jpeg","type":"image\/jpeg"}],"twitter_card":"summary_large_image","twitter_misc":{"Estimated reading time":"1 minute"},"schema":{"@context":"https:\/\/schema.org","@graph":[{"@type":"WebPage","@id":"https:\/\/www.bolsaplast.com\/film\/","url":"https:\/\/www.bolsaplast.com\/film\/","name":"Film - Bolsaplast","isPartOf":{"@id":"https:\/\/www.bolsaplast.com\/#website"},"primaryImageOfPage":{"@id":"https:\/\/www.bolsaplast.com\/film\/#primaryimage"},"image":{"@id":"https:\/\/www.bolsaplast.com\/film\/#primaryimage"},"thumbnailUrl":"https:\/\/www.bolsaplast.com\/wp-content\/uploads\/2026\/01\/BANNER-FILM-2-topaz-upscale-2x-scaled.jpeg","datePublished":"2026-01-13T11:15:48+00:00","dateModified":"2026-02-09T13:03:11+00:00","breadcrumb":{"@id":"https:\/\/www.bolsaplast.com\/film\/#breadcrumb"},"inLanguage":"en-GB","potentialAction":[{"@type":"ReadAction","target":["https:\/\/www.bolsaplast.com\/film\/"]}]},{"@type":"ImageObject","inLanguage":"en-GB","@id":"https:\/\/www.bolsaplast.com\/film\/#primaryimage","url":"https:\/\/www.bolsaplast.com\/wp-content\/uploads\/2026\/01\/BANNER-FILM-2-topaz-upscale-2x-scaled.jpeg","contentUrl":"https:\/\/www.bolsaplast.com\/wp-content\/uploads\/2026\/01\/BANNER-FILM-2-topaz-upscale-2x-scaled.jpeg","width":2560,"height":1440},{"@type":"BreadcrumbList","@id":"https:\/\/www.bolsaplast.com\/film\/#breadcrumb","itemListElement":[{"@type":"ListItem","position":1,"name":"Portada","item":"https:\/\/www.bolsaplast.com\/"},{"@type":"ListItem","position":2,"name":"Film"}]},{"@type":"WebSite","@id":"https:\/\/www.bolsaplast.com\/#website","url":"https:\/\/www.bolsaplast.com\/","name":"Bolsaplast","description":"Specialised in flexible packaging and medical packaging","potentialAction":[{"@type":"SearchAction","target":{"@type":"EntryPoint","urlTemplate":"https:\/\/www.bolsaplast.com\/?s={search_term_string}"},"query-input":{"@type":"PropertyValueSpecification","valueRequired":true,"valueName":"search_term_string"}}],"inLanguage":"en-GB"}]}},"_links":{"self":[{"href":"https:\/\/www.bolsaplast.com\/en\/wp-json\/wp\/v2\/pages\/505","targetHints":{"allow":["GET"]}}],"collection":[{"href":"https:\/\/www.bolsaplast.com\/en\/wp-json\/wp\/v2\/pages"}],"about":[{"href":"https:\/\/www.bolsaplast.com\/en\/wp-json\/wp\/v2\/types\/page"}],"author":[{"embeddable":true,"href":"https:\/\/www.bolsaplast.com\/en\/wp-json\/wp\/v2\/users\/1"}],"replies":[{"embeddable":true,"href":"https:\/\/www.bolsaplast.com\/en\/wp-json\/wp\/v2\/comments?post=505"}],"version-history":[{"count":5,"href":"https:\/\/www.bolsaplast.com\/en\/wp-json\/wp\/v2\/pages\/505\/revisions"}],"predecessor-version":[{"id":759,"href":"https:\/\/www.bolsaplast.com\/en\/wp-json\/wp\/v2\/pages\/505\/revisions\/759"}],"wp:featuredmedia":[{"embeddable":true,"href":"https:\/\/www.bolsaplast.com\/en\/wp-json\/wp\/v2\/media\/507"}],"wp:attachment":[{"href":"https:\/\/www.bolsaplast.com\/en\/wp-json\/wp\/v2\/media?parent=505"}],"curies":[{"name":"wp","href":"https:\/\/api.w.org\/{rel}","templated":true}]}}