{"id":707,"date":"2026-02-09T11:04:22","date_gmt":"2026-02-09T11:04:22","guid":{"rendered":"https:\/\/www.bolsaplast.com\/?page_id=707"},"modified":"2026-02-09T12:31:59","modified_gmt":"2026-02-09T12:31:59","slug":"paper","status":"publish","type":"page","link":"https:\/\/www.bolsaplast.com\/en\/materials\/paper\/","title":{"rendered":"Paper"},"content":{"rendered":"<p><b>Paper-based structures developed to reduce plastic content and reinforce a natural and sustainable packaging image, widely accepted by consumers.<\/b><b><br \/>\n<\/b><span style=\"font-weight: 400;\"> Solutions that combine aesthetics, functionality and excellent print quality, adapting to the technical requirements of the product by means of specific functional layers.<\/span><\/p>\n<p><b>Typologies of paper structures<\/b><\/p>\n<ul>\n<li style=\"font-weight: 400;\" aria-level=\"1\"><b>Paper with functional coatings<\/b><span style=\"font-weight: 400;\">, which improve resistance to moisture or grease.<\/span><span style=\"font-weight: 400;\"><br \/>\n<b><\/b><\/span><\/li>\n<li style=\"font-weight: 400;\" aria-level=\"1\"><span style=\"font-weight: 400;\"><b>Laminated paper with sealing layers<\/b>, which guarantees an airtight seal and correct operation in the machine.<\/span><\/li>\n<\/ul>","protected":false},"excerpt":{"rendered":"<p>Estructuras basadas en papel desarrolladas para reducir el contenido pl\u00e1stico y reforzar una imagen de envase natural y sostenible, ampliamente aceptada por el consumidor. Soluciones que combinan est\u00e9tica, funcionalidad y una excelente calidad de impresi\u00f3n, adapt\u00e1ndose a los requisitos t\u00e9cnicos del producto mediante capas funcionales espec\u00edficas. Tipolog\u00edas de estructuras de papel Papel con recubrimientos funcionales, [&hellip;]<\/p>","protected":false},"author":1,"featured_media":725,"parent":715,"menu_order":0,"comment_status":"closed","ping_status":"closed","template":"page-material.php","meta":{"_acf_changed":false,"footnotes":""},"class_list":["post-707","page","type-page","status-publish","has-post-thumbnail","hentry"],"acf":[],"yoast_head":"<!-- This site is optimized with the Yoast SEO plugin v26.8 - https:\/\/yoast.com\/product\/yoast-seo-wordpress\/ -->\n<title>Papel - Bolsaplast<\/title>\n<meta name=\"robots\" content=\"index, follow, max-snippet:-1, max-image-preview:large, max-video-preview:-1\" \/>\n<link rel=\"canonical\" href=\"https:\/\/www.bolsaplast.com\/en\/materials\/paper\/\" \/>\n<meta property=\"og:locale\" content=\"en_GB\" \/>\n<meta property=\"og:type\" content=\"article\" \/>\n<meta property=\"og:title\" content=\"Papel - Bolsaplast\" \/>\n<meta property=\"og:description\" content=\"Estructuras basadas en papel desarrolladas para reducir el contenido pl\u00e1stico y reforzar una imagen de envase natural y sostenible, ampliamente aceptada por el consumidor. Soluciones que combinan est\u00e9tica, funcionalidad y una excelente calidad de impresi\u00f3n, adapt\u00e1ndose a los requisitos t\u00e9cnicos del producto mediante capas funcionales espec\u00edficas. Tipolog\u00edas de estructuras de papel Papel con recubrimientos funcionales, [&hellip;]\" \/>\n<meta property=\"og:url\" content=\"https:\/\/www.bolsaplast.com\/en\/materials\/paper\/\" \/>\n<meta property=\"og:site_name\" content=\"Bolsaplast\" \/>\n<meta property=\"article:modified_time\" content=\"2026-02-09T12:31:59+00:00\" \/>\n<meta property=\"og:image\" content=\"https:\/\/www.bolsaplast.com\/wp-content\/uploads\/2026\/02\/PAPEL-topaz-upscale-2x-1024x434.png\" \/>\n\t<meta property=\"og:image:width\" content=\"1024\" \/>\n\t<meta property=\"og:image:height\" content=\"434\" \/>\n\t<meta property=\"og:image:type\" content=\"image\/png\" \/>\n<meta name=\"twitter:card\" content=\"summary_large_image\" \/>\n<meta name=\"twitter:label1\" content=\"Estimated reading time\" \/>\n\t<meta name=\"twitter:data1\" content=\"1 minute\" \/>\n<script type=\"application\/ld+json\" class=\"yoast-schema-graph\">{\"@context\":\"https:\/\/schema.org\",\"@graph\":[{\"@type\":\"WebPage\",\"@id\":\"https:\/\/www.bolsaplast.com\/materiales\/papel\/\",\"url\":\"https:\/\/www.bolsaplast.com\/materiales\/papel\/\",\"name\":\"Papel - Bolsaplast\",\"isPartOf\":{\"@id\":\"https:\/\/www.bolsaplast.com\/#website\"},\"primaryImageOfPage\":{\"@id\":\"https:\/\/www.bolsaplast.com\/materiales\/papel\/#primaryimage\"},\"image\":{\"@id\":\"https:\/\/www.bolsaplast.com\/materiales\/papel\/#primaryimage\"},\"thumbnailUrl\":\"https:\/\/www.bolsaplast.com\/wp-content\/uploads\/2026\/02\/PAPEL-topaz-upscale-2x-scaled.png\",\"datePublished\":\"2026-02-09T11:04:22+00:00\",\"dateModified\":\"2026-02-09T12:31:59+00:00\",\"breadcrumb\":{\"@id\":\"https:\/\/www.bolsaplast.com\/materiales\/papel\/#breadcrumb\"},\"inLanguage\":\"en-GB\",\"potentialAction\":[{\"@type\":\"ReadAction\",\"target\":[\"https:\/\/www.bolsaplast.com\/materiales\/papel\/\"]}]},{\"@type\":\"ImageObject\",\"inLanguage\":\"en-GB\",\"@id\":\"https:\/\/www.bolsaplast.com\/materiales\/papel\/#primaryimage\",\"url\":\"https:\/\/www.bolsaplast.com\/wp-content\/uploads\/2026\/02\/PAPEL-topaz-upscale-2x-scaled.png\",\"contentUrl\":\"https:\/\/www.bolsaplast.com\/wp-content\/uploads\/2026\/02\/PAPEL-topaz-upscale-2x-scaled.png\",\"width\":2560,\"height\":1086},{\"@type\":\"BreadcrumbList\",\"@id\":\"https:\/\/www.bolsaplast.com\/materiales\/papel\/#breadcrumb\",\"itemListElement\":[{\"@type\":\"ListItem\",\"position\":1,\"name\":\"Portada\",\"item\":\"https:\/\/www.bolsaplast.com\/\"},{\"@type\":\"ListItem\",\"position\":2,\"name\":\"Materiales\",\"item\":\"https:\/\/www.bolsaplast.com\/materiales\/\"},{\"@type\":\"ListItem\",\"position\":3,\"name\":\"Papel\"}]},{\"@type\":\"WebSite\",\"@id\":\"https:\/\/www.bolsaplast.com\/#website\",\"url\":\"https:\/\/www.bolsaplast.com\/\",\"name\":\"Bolsaplast\",\"description\":\"Especializados en packaging flexible y medical packaging\",\"potentialAction\":[{\"@type\":\"SearchAction\",\"target\":{\"@type\":\"EntryPoint\",\"urlTemplate\":\"https:\/\/www.bolsaplast.com\/?s={search_term_string}\"},\"query-input\":{\"@type\":\"PropertyValueSpecification\",\"valueRequired\":true,\"valueName\":\"search_term_string\"}}],\"inLanguage\":\"en-GB\"}]}<\/script>\n<!-- \/ Yoast SEO plugin. -->","yoast_head_json":{"title":"Paper - Bolsaplast","robots":{"index":"index","follow":"follow","max-snippet":"max-snippet:-1","max-image-preview":"max-image-preview:large","max-video-preview":"max-video-preview:-1"},"canonical":"https:\/\/www.bolsaplast.com\/en\/materials\/paper\/","og_locale":"en_GB","og_type":"article","og_title":"Papel - Bolsaplast","og_description":"Estructuras basadas en papel desarrolladas para reducir el contenido pl\u00e1stico y reforzar una imagen de envase natural y sostenible, ampliamente aceptada por el consumidor. Soluciones que combinan est\u00e9tica, funcionalidad y una excelente calidad de impresi\u00f3n, adapt\u00e1ndose a los requisitos t\u00e9cnicos del producto mediante capas funcionales espec\u00edficas. Tipolog\u00edas de estructuras de papel Papel con recubrimientos funcionales, [&hellip;]","og_url":"https:\/\/www.bolsaplast.com\/en\/materials\/paper\/","og_site_name":"Bolsaplast","article_modified_time":"2026-02-09T12:31:59+00:00","og_image":[{"width":1024,"height":434,"url":"https:\/\/www.bolsaplast.com\/wp-content\/uploads\/2026\/02\/PAPEL-topaz-upscale-2x-1024x434.png","type":"image\/png"}],"twitter_card":"summary_large_image","twitter_misc":{"Estimated reading time":"1 minute"},"schema":{"@context":"https:\/\/schema.org","@graph":[{"@type":"WebPage","@id":"https:\/\/www.bolsaplast.com\/materiales\/papel\/","url":"https:\/\/www.bolsaplast.com\/materiales\/papel\/","name":"Paper - Bolsaplast","isPartOf":{"@id":"https:\/\/www.bolsaplast.com\/#website"},"primaryImageOfPage":{"@id":"https:\/\/www.bolsaplast.com\/materiales\/papel\/#primaryimage"},"image":{"@id":"https:\/\/www.bolsaplast.com\/materiales\/papel\/#primaryimage"},"thumbnailUrl":"https:\/\/www.bolsaplast.com\/wp-content\/uploads\/2026\/02\/PAPEL-topaz-upscale-2x-scaled.png","datePublished":"2026-02-09T11:04:22+00:00","dateModified":"2026-02-09T12:31:59+00:00","breadcrumb":{"@id":"https:\/\/www.bolsaplast.com\/materiales\/papel\/#breadcrumb"},"inLanguage":"en-GB","potentialAction":[{"@type":"ReadAction","target":["https:\/\/www.bolsaplast.com\/materiales\/papel\/"]}]},{"@type":"ImageObject","inLanguage":"en-GB","@id":"https:\/\/www.bolsaplast.com\/materiales\/papel\/#primaryimage","url":"https:\/\/www.bolsaplast.com\/wp-content\/uploads\/2026\/02\/PAPEL-topaz-upscale-2x-scaled.png","contentUrl":"https:\/\/www.bolsaplast.com\/wp-content\/uploads\/2026\/02\/PAPEL-topaz-upscale-2x-scaled.png","width":2560,"height":1086},{"@type":"BreadcrumbList","@id":"https:\/\/www.bolsaplast.com\/materiales\/papel\/#breadcrumb","itemListElement":[{"@type":"ListItem","position":1,"name":"Portada","item":"https:\/\/www.bolsaplast.com\/"},{"@type":"ListItem","position":2,"name":"Materiales","item":"https:\/\/www.bolsaplast.com\/materiales\/"},{"@type":"ListItem","position":3,"name":"Papel"}]},{"@type":"WebSite","@id":"https:\/\/www.bolsaplast.com\/#website","url":"https:\/\/www.bolsaplast.com\/","name":"Bolsaplast","description":"Specialised in flexible packaging and medical packaging","potentialAction":[{"@type":"SearchAction","target":{"@type":"EntryPoint","urlTemplate":"https:\/\/www.bolsaplast.com\/?s={search_term_string}"},"query-input":{"@type":"PropertyValueSpecification","valueRequired":true,"valueName":"search_term_string"}}],"inLanguage":"en-GB"}]}},"_links":{"self":[{"href":"https:\/\/www.bolsaplast.com\/en\/wp-json\/wp\/v2\/pages\/707","targetHints":{"allow":["GET"]}}],"collection":[{"href":"https:\/\/www.bolsaplast.com\/en\/wp-json\/wp\/v2\/pages"}],"about":[{"href":"https:\/\/www.bolsaplast.com\/en\/wp-json\/wp\/v2\/types\/page"}],"author":[{"embeddable":true,"href":"https:\/\/www.bolsaplast.com\/en\/wp-json\/wp\/v2\/users\/1"}],"replies":[{"embeddable":true,"href":"https:\/\/www.bolsaplast.com\/en\/wp-json\/wp\/v2\/comments?post=707"}],"version-history":[{"count":8,"href":"https:\/\/www.bolsaplast.com\/en\/wp-json\/wp\/v2\/pages\/707\/revisions"}],"predecessor-version":[{"id":747,"href":"https:\/\/www.bolsaplast.com\/en\/wp-json\/wp\/v2\/pages\/707\/revisions\/747"}],"up":[{"embeddable":true,"href":"https:\/\/www.bolsaplast.com\/en\/wp-json\/wp\/v2\/pages\/715"}],"wp:featuredmedia":[{"embeddable":true,"href":"https:\/\/www.bolsaplast.com\/en\/wp-json\/wp\/v2\/media\/725"}],"wp:attachment":[{"href":"https:\/\/www.bolsaplast.com\/en\/wp-json\/wp\/v2\/media?parent=707"}],"curies":[{"name":"wp","href":"https:\/\/api.w.org\/{rel}","templated":true}]}}