{"id":731,"date":"2026-02-09T12:23:54","date_gmt":"2026-02-09T12:23:54","guid":{"rendered":"https:\/\/www.bolsaplast.com\/?page_id=731"},"modified":"2026-02-09T12:41:05","modified_gmt":"2026-02-09T12:41:05","slug":"compostables","status":"publish","type":"page","link":"https:\/\/www.bolsaplast.com\/en\/materials\/compostables\/","title":{"rendered":"Compostables"},"content":{"rendered":"<p><span style=\"font-weight: 400;\">The <\/span><b>compostable materials<\/b><span style=\"font-weight: 400;\"> are designed so that the packaging can <\/span><b>degrade under specific composting conditions<\/b><span style=\"font-weight: 400;\">, reducing the environmental impact at the end of their useful life.<\/span><\/p>\n<p><span style=\"font-weight: 400;\">These structures are manufactured from <\/span><b>plant-based raw materials and renewable resources<\/b><span style=\"font-weight: 400;\">, and must comply with the applicable regulations of <\/span><b>industrial compostability or home composting<\/b><span style=\"font-weight: 400;\">, as the case may be.<\/span><\/p>\n<p><b>Composition and eco-design<\/b><\/p>\n<p><span style=\"font-weight: 400;\">BOLSAPLAST compostable solutions combine:<\/span><\/p>\n<ul>\n<li style=\"font-weight: 400;\" aria-level=\"1\"><b>Bioplastics of non-fossil origin<\/b><span style=\"font-weight: 400;\">, which provide flexibility and sealability.<\/span><span style=\"font-weight: 400;\"><br \/>\n<\/span><\/li>\n<li style=\"font-weight: 400;\" aria-level=\"1\"><b>Compostable technical papers<\/b><span style=\"font-weight: 400;\">, which provide rigidity and strength.<\/span><span style=\"font-weight: 400;\"><br \/>\n<\/span><\/li>\n<li style=\"font-weight: 400;\" aria-level=\"1\"><span style=\"font-weight: 400;\">Components specifically designed to maintain the compostability of the assembly.<\/span>&nbsp;<\/li>\n<\/ul>\n<p><span style=\"font-weight: 400;\">The development of such packaging requires a <\/span><b>precise eco-design<\/b><span style=\"font-weight: 400;\">, where all elements of the packaging must be compatible with the regulatory requirements.<\/span><\/p>","protected":false},"excerpt":{"rendered":"<p>Los materiales compostables est\u00e1n dise\u00f1ados para que el envase pueda degradarse bajo condiciones de compostaje espec\u00edficas, reduciendo el impacto ambiental al final de su vida \u00fatil. Estas estructuras se fabrican a partir de materias primas de origen vegetal y recursos renovables, y deben cumplir con las normativas vigentes de compostabilidad industrial o home compost, seg\u00fan [&hellip;]<\/p>","protected":false},"author":1,"featured_media":737,"parent":715,"menu_order":0,"comment_status":"closed","ping_status":"closed","template":"page-material.php","meta":{"_acf_changed":false,"footnotes":""},"class_list":["post-731","page","type-page","status-publish","has-post-thumbnail","hentry"],"acf":[],"yoast_head":"<!-- This site is optimized with the Yoast SEO plugin v26.8 - https:\/\/yoast.com\/product\/yoast-seo-wordpress\/ -->\n<title>Compostables - Bolsaplast<\/title>\n<meta name=\"robots\" content=\"index, follow, max-snippet:-1, max-image-preview:large, max-video-preview:-1\" \/>\n<link rel=\"canonical\" href=\"https:\/\/www.bolsaplast.com\/en\/materials\/compostables\/\" \/>\n<meta property=\"og:locale\" content=\"en_GB\" \/>\n<meta property=\"og:type\" content=\"article\" \/>\n<meta property=\"og:title\" content=\"Compostables - Bolsaplast\" \/>\n<meta property=\"og:description\" content=\"Los materiales compostables est\u00e1n dise\u00f1ados para que el envase pueda degradarse bajo condiciones de compostaje espec\u00edficas, reduciendo el impacto ambiental al final de su vida \u00fatil. Estas estructuras se fabrican a partir de materias primas de origen vegetal y recursos renovables, y deben cumplir con las normativas vigentes de compostabilidad industrial o home compost, seg\u00fan [&hellip;]\" \/>\n<meta property=\"og:url\" content=\"https:\/\/www.bolsaplast.com\/en\/materials\/compostables\/\" \/>\n<meta property=\"og:site_name\" content=\"Bolsaplast\" \/>\n<meta property=\"article:modified_time\" content=\"2026-02-09T12:41:05+00:00\" \/>\n<meta property=\"og:image\" content=\"https:\/\/www.bolsaplast.com\/wp-content\/uploads\/2026\/02\/compostable-topaz-upscale-2x-scaled.jpeg\" \/>\n\t<meta property=\"og:image:width\" content=\"2560\" \/>\n\t<meta property=\"og:image:height\" content=\"1086\" \/>\n\t<meta property=\"og:image:type\" content=\"image\/jpeg\" \/>\n<meta name=\"twitter:card\" content=\"summary_large_image\" \/>\n<meta name=\"twitter:label1\" content=\"Estimated reading time\" \/>\n\t<meta name=\"twitter:data1\" content=\"1 minute\" \/>\n<script type=\"application\/ld+json\" class=\"yoast-schema-graph\">{\"@context\":\"https:\/\/schema.org\",\"@graph\":[{\"@type\":\"WebPage\",\"@id\":\"https:\/\/www.bolsaplast.com\/materiales\/compostables\/\",\"url\":\"https:\/\/www.bolsaplast.com\/materiales\/compostables\/\",\"name\":\"Compostables - Bolsaplast\",\"isPartOf\":{\"@id\":\"https:\/\/www.bolsaplast.com\/#website\"},\"primaryImageOfPage\":{\"@id\":\"https:\/\/www.bolsaplast.com\/materiales\/compostables\/#primaryimage\"},\"image\":{\"@id\":\"https:\/\/www.bolsaplast.com\/materiales\/compostables\/#primaryimage\"},\"thumbnailUrl\":\"https:\/\/www.bolsaplast.com\/wp-content\/uploads\/2026\/02\/compostable-topaz-upscale-2x-scaled.jpeg\",\"datePublished\":\"2026-02-09T12:23:54+00:00\",\"dateModified\":\"2026-02-09T12:41:05+00:00\",\"breadcrumb\":{\"@id\":\"https:\/\/www.bolsaplast.com\/materiales\/compostables\/#breadcrumb\"},\"inLanguage\":\"en-GB\",\"potentialAction\":[{\"@type\":\"ReadAction\",\"target\":[\"https:\/\/www.bolsaplast.com\/materiales\/compostables\/\"]}]},{\"@type\":\"ImageObject\",\"inLanguage\":\"en-GB\",\"@id\":\"https:\/\/www.bolsaplast.com\/materiales\/compostables\/#primaryimage\",\"url\":\"https:\/\/www.bolsaplast.com\/wp-content\/uploads\/2026\/02\/compostable-topaz-upscale-2x-scaled.jpeg\",\"contentUrl\":\"https:\/\/www.bolsaplast.com\/wp-content\/uploads\/2026\/02\/compostable-topaz-upscale-2x-scaled.jpeg\",\"width\":2560,\"height\":1086},{\"@type\":\"BreadcrumbList\",\"@id\":\"https:\/\/www.bolsaplast.com\/materiales\/compostables\/#breadcrumb\",\"itemListElement\":[{\"@type\":\"ListItem\",\"position\":1,\"name\":\"Portada\",\"item\":\"https:\/\/www.bolsaplast.com\/\"},{\"@type\":\"ListItem\",\"position\":2,\"name\":\"Materiales\",\"item\":\"https:\/\/www.bolsaplast.com\/materiales\/\"},{\"@type\":\"ListItem\",\"position\":3,\"name\":\"Compostables\"}]},{\"@type\":\"WebSite\",\"@id\":\"https:\/\/www.bolsaplast.com\/#website\",\"url\":\"https:\/\/www.bolsaplast.com\/\",\"name\":\"Bolsaplast\",\"description\":\"Especializados en packaging flexible y medical packaging\",\"potentialAction\":[{\"@type\":\"SearchAction\",\"target\":{\"@type\":\"EntryPoint\",\"urlTemplate\":\"https:\/\/www.bolsaplast.com\/?s={search_term_string}\"},\"query-input\":{\"@type\":\"PropertyValueSpecification\",\"valueRequired\":true,\"valueName\":\"search_term_string\"}}],\"inLanguage\":\"en-GB\"}]}<\/script>\n<!-- \/ Yoast SEO plugin. -->","yoast_head_json":{"title":"Compostables - Bolsaplast","robots":{"index":"index","follow":"follow","max-snippet":"max-snippet:-1","max-image-preview":"max-image-preview:large","max-video-preview":"max-video-preview:-1"},"canonical":"https:\/\/www.bolsaplast.com\/en\/materials\/compostables\/","og_locale":"en_GB","og_type":"article","og_title":"Compostables - Bolsaplast","og_description":"Los materiales compostables est\u00e1n dise\u00f1ados para que el envase pueda degradarse bajo condiciones de compostaje espec\u00edficas, reduciendo el impacto ambiental al final de su vida \u00fatil. Estas estructuras se fabrican a partir de materias primas de origen vegetal y recursos renovables, y deben cumplir con las normativas vigentes de compostabilidad industrial o home compost, seg\u00fan [&hellip;]","og_url":"https:\/\/www.bolsaplast.com\/en\/materials\/compostables\/","og_site_name":"Bolsaplast","article_modified_time":"2026-02-09T12:41:05+00:00","og_image":[{"width":2560,"height":1086,"url":"https:\/\/www.bolsaplast.com\/wp-content\/uploads\/2026\/02\/compostable-topaz-upscale-2x-scaled.jpeg","type":"image\/jpeg"}],"twitter_card":"summary_large_image","twitter_misc":{"Estimated reading time":"1 minute"},"schema":{"@context":"https:\/\/schema.org","@graph":[{"@type":"WebPage","@id":"https:\/\/www.bolsaplast.com\/materiales\/compostables\/","url":"https:\/\/www.bolsaplast.com\/materiales\/compostables\/","name":"Compostables - Bolsaplast","isPartOf":{"@id":"https:\/\/www.bolsaplast.com\/#website"},"primaryImageOfPage":{"@id":"https:\/\/www.bolsaplast.com\/materiales\/compostables\/#primaryimage"},"image":{"@id":"https:\/\/www.bolsaplast.com\/materiales\/compostables\/#primaryimage"},"thumbnailUrl":"https:\/\/www.bolsaplast.com\/wp-content\/uploads\/2026\/02\/compostable-topaz-upscale-2x-scaled.jpeg","datePublished":"2026-02-09T12:23:54+00:00","dateModified":"2026-02-09T12:41:05+00:00","breadcrumb":{"@id":"https:\/\/www.bolsaplast.com\/materiales\/compostables\/#breadcrumb"},"inLanguage":"en-GB","potentialAction":[{"@type":"ReadAction","target":["https:\/\/www.bolsaplast.com\/materiales\/compostables\/"]}]},{"@type":"ImageObject","inLanguage":"en-GB","@id":"https:\/\/www.bolsaplast.com\/materiales\/compostables\/#primaryimage","url":"https:\/\/www.bolsaplast.com\/wp-content\/uploads\/2026\/02\/compostable-topaz-upscale-2x-scaled.jpeg","contentUrl":"https:\/\/www.bolsaplast.com\/wp-content\/uploads\/2026\/02\/compostable-topaz-upscale-2x-scaled.jpeg","width":2560,"height":1086},{"@type":"BreadcrumbList","@id":"https:\/\/www.bolsaplast.com\/materiales\/compostables\/#breadcrumb","itemListElement":[{"@type":"ListItem","position":1,"name":"Portada","item":"https:\/\/www.bolsaplast.com\/"},{"@type":"ListItem","position":2,"name":"Materiales","item":"https:\/\/www.bolsaplast.com\/materiales\/"},{"@type":"ListItem","position":3,"name":"Compostables"}]},{"@type":"WebSite","@id":"https:\/\/www.bolsaplast.com\/#website","url":"https:\/\/www.bolsaplast.com\/","name":"Bolsaplast","description":"Specialised in flexible packaging and medical packaging","potentialAction":[{"@type":"SearchAction","target":{"@type":"EntryPoint","urlTemplate":"https:\/\/www.bolsaplast.com\/?s={search_term_string}"},"query-input":{"@type":"PropertyValueSpecification","valueRequired":true,"valueName":"search_term_string"}}],"inLanguage":"en-GB"}]}},"_links":{"self":[{"href":"https:\/\/www.bolsaplast.com\/en\/wp-json\/wp\/v2\/pages\/731","targetHints":{"allow":["GET"]}}],"collection":[{"href":"https:\/\/www.bolsaplast.com\/en\/wp-json\/wp\/v2\/pages"}],"about":[{"href":"https:\/\/www.bolsaplast.com\/en\/wp-json\/wp\/v2\/types\/page"}],"author":[{"embeddable":true,"href":"https:\/\/www.bolsaplast.com\/en\/wp-json\/wp\/v2\/users\/1"}],"replies":[{"embeddable":true,"href":"https:\/\/www.bolsaplast.com\/en\/wp-json\/wp\/v2\/comments?post=731"}],"version-history":[{"count":2,"href":"https:\/\/www.bolsaplast.com\/en\/wp-json\/wp\/v2\/pages\/731\/revisions"}],"predecessor-version":[{"id":751,"href":"https:\/\/www.bolsaplast.com\/en\/wp-json\/wp\/v2\/pages\/731\/revisions\/751"}],"up":[{"embeddable":true,"href":"https:\/\/www.bolsaplast.com\/en\/wp-json\/wp\/v2\/pages\/715"}],"wp:featuredmedia":[{"embeddable":true,"href":"https:\/\/www.bolsaplast.com\/en\/wp-json\/wp\/v2\/media\/737"}],"wp:attachment":[{"href":"https:\/\/www.bolsaplast.com\/en\/wp-json\/wp\/v2\/media?parent=731"}],"curies":[{"name":"wp","href":"https:\/\/api.w.org\/{rel}","templated":true}]}}