{"id":778,"date":"2026-03-17T08:39:33","date_gmt":"2026-03-17T08:39:33","guid":{"rendered":"https:\/\/www.bolsaplast.com\/?page_id=778"},"modified":"2026-03-18T11:57:11","modified_gmt":"2026-03-18T11:57:11","slug":"data-protection-policy","status":"publish","type":"page","link":"https:\/\/www.bolsaplast.com\/en\/data-protection-policy\/","title":{"rendered":"Data protection policy"},"content":{"rendered":"<div>\n<p>Information in compliance with personal data protection regulations<\/p>\n<p>In Europe and Spain there are data protection regulations designed to protect your personal information that are mandatory for our company.<br \/>\nIt is therefore very important to us that you fully understand what we are going to do with the personal data we ask you for.<br \/>\nWe will be transparent and put you in control of your data, with plain language and clear choices that allow you to decide what we do with your personal information.<br \/>\nPlease do not hesitate to ask us if you have any questions after reading this information.<\/p>\n<p>Thank you very much for your cooperation.<\/p>\n<p><strong>\u00bf<\/strong><strong>Who are we?<\/strong><\/p>\n<\/div>\n<ul>\n<li>Our denomination:\u00a0<strong>BOLSAPLAST S.L.<\/strong><\/li>\n<li>Our CIF \/ NIF:\u00a0<strong>B08808990<\/strong><\/li>\n<li>Our core business:<strong>\u00a0Manufacture of flexible packaging<\/strong><\/li>\n<li>Our address:\u00a0<strong>C\/ Bernat Metge 110-112, CP 08205, SABADELL (Barcelona)<\/strong><\/li>\n<li>Our contact telephone number:\u00a0<strong>937117361<\/strong><\/li>\n<li>Our contact e-mail address:\u00a0<strong>bolsaplast@bolsaplast.com<\/strong><\/li>\n<li>Our website:\u00a0<strong>cyan-dinosaur-128523.hostingersite.com; www.cyan-dinosaur-128523.hostingersite.com.<\/strong><\/li>\n<li>For your confidence and security, we inform you that we are an entity registered in the following Trade Register \/ Public Register:<\/li>\n<\/ul>\n<p>We are at your disposal, do not hesitate to contact us.<\/p>\n<div><strong>What are we going to use your data for?<\/strong><\/div>\n<p>In general, your personal data will be used to contact you and to provide you with our services.<br \/>\nThey may also be used for other activities, such as sending you advertising or promoting our activities.<\/p>\n<div><strong>Why do we need to use your data?<\/strong><\/div>\n<p>Your personal information is necessary for us to be able to interact with you and to provide you with our services. In this regard, we will provide you with a number of checkboxes that will allow you to make a clear and simple decision about the use of your personal information.<\/p>\n<div><strong>Who will know the information we ask for?<\/strong><\/div>\n<p>In general, only duly authorised staff of our organisation may have access to the information we ask for.<br \/>\nSimilarly, those entities that need to have access to your personal information in order for us to be able to provide you with our services may also have access to your personal information. For example, our bank will know your details if payment for our services is made by credit card or bank transfer.<br \/>\nLikewise, those public or private entities to which we are obliged to provide your personal data in order to comply with any law will be aware of your information. To give you an example, the Tax Law obliges us to provide the Tax Agency with certain information on economic transactions exceeding a certain amount.<br \/>\nIn the event that, apart from the cases mentioned above, we need to disclose your personal information to other entities, we will ask for your prior permission through clear options that will allow you to decide in this respect.<\/p>\n<div><strong>How will we protect your data?<\/strong><\/div>\n<p>We will protect your data with effective security measures commensurate with the risks associated with the use of your information.<br \/>\nTo this end, we have approved a Data Protection Policy and annual checks and audits are carried out to ensure that your personal data is secure at all times.<\/p>\n<div><strong>Will we send your data to other countries?<\/strong><\/div>\n<p>There are countries in the world that are safe for your data and others that are not so safe. For example, the European Union is a safe environment for your data. Our policy is not to send your personal information to any country that is not safe from a data protection point of view.<br \/>\nIn the event that, in order to provide you with the service, it is essential to send your data to a country that is not as secure as Spain, we will always request your prior permission and we will apply effective security measures to reduce the risks of sending your personal information to another country.<\/p>\n<div><strong>How long will we keep your data?<\/strong><\/div>\n<p>We will retain your data for the duration of our relationship and for as long as we are required to do so by law. At the end of the applicable legal periods, we will dispose of it in a secure and environmentally friendly manner.<\/p>\n<div><strong>What are your data protection rights?<\/strong><\/div>\n<p>You can contact us at any time to find out what information we hold about you, rectify it if it is incorrect and delete it after our relationship has ended, where this is legally possible.<br \/>\nYou also have the right to request a transfer of your information to another entity. This right is called \u201cportability\u201d and may be useful in certain situations.<br \/>\nTo request any of these rights, you must make a written request to our address, together with a photocopy of your ID card, so that we can identify you.<br \/>\nWe have specific forms available at our offices for requesting these rights and we offer you our help in filling them in.<br \/>\nTo find out more about your data protection rights, you can consult the website of the Spanish Data Protection Agency (<a href=\"http:\/\/www.agpd.es\/\">www.agpd.es<\/a>).<\/p>\n<div><strong>Can you withdraw your consent if you change your mind at a later stage?<\/strong><\/div>\n<p>You can withdraw your consent if you change your mind about the use of your data at any time.<br \/>\nFor example, if you were once interested in receiving advertising for our products or services, but no longer wish to receive any further advertising, you can let us know by filling in the objection form available at our offices.<\/p>\n<p><strong>If you feel that your rights have been disregarded, where can you make a complaint?<\/strong><br \/>\nIn the event that you feel that your rights have been disregarded by our entity, you may file a complaint with the Spanish Data Protection Agency, by any of the following means:<\/p>\n<div>-\u00a0<strong>Electronic headquarters:<\/strong>\u00a0www.agpd.es<\/div>\n<div>-\u00a0<strong>Postal address<\/strong>:<\/div>\n<p>Spanish Data Protection Agency<br \/>\nC\/ Jorge Juan, 6<br \/>\n28001-Madrid<\/p>\n<div><strong>- By telephone:<\/strong><\/div>\n<p>Tel. 901 100 099<br \/>\nTel. 91 266 35 17<\/p>\n<p>Making a complaint to the Spanish Data Protection Agency does not entail any cost and the assistance of a lawyer or solicitor is not necessary.<\/p>\n<div><strong>Will we profile you?<\/strong><\/div>\n<p>It is our policy not to profile users of our services.<br \/>\nHowever, there may be situations where, for service, marketing or other purposes, we need to profile information about you. An example might be the use of your purchase or service history to enable us to offer you products or services tailored to your tastes or needs.<br \/>\nIn such a case, we will implement effective security measures to protect your information at all times from unauthorised persons seeking to use it for their own benefit.<\/p>\n<div><strong>Will we use your data for other purposes?<\/strong><\/div>\n<p>Our policy is not to use your data for purposes other than those we have explained to you. If, however, we need to use your data for other activities, we will always ask for your permission beforehand by providing you with clear options to allow you to decide.<\/p>","protected":false},"excerpt":{"rendered":"<p>Informaci\u00f3n en cumplimiento de la normativa de protecci\u00f3n de datos personales En Europa y en Espa\u00f1a existen normas de protecci\u00f3n de datos pensadas para proteger su informaci\u00f3n personal de obligado cumplimiento para nuestra entidad. Por ello, es muy importante para nosotros que entienda perfectamente qu\u00e9 vamos a hacer con los datos personales que le pedimos. [&hellip;]<\/p>","protected":false},"author":1,"featured_media":0,"parent":0,"menu_order":0,"comment_status":"closed","ping_status":"closed","template":"page-legal.php","meta":{"_acf_changed":false,"footnotes":""},"class_list":["post-778","page","type-page","status-publish","hentry"],"acf":[],"yoast_head":"<!-- This site is optimized with the Yoast SEO plugin v26.8 - https:\/\/yoast.com\/product\/yoast-seo-wordpress\/ -->\n<title>Pol\u00edtica de protecci\u00f3n de datos - Bolsaplast<\/title>\n<meta name=\"robots\" content=\"index, follow, max-snippet:-1, max-image-preview:large, max-video-preview:-1\" \/>\n<link rel=\"canonical\" href=\"https:\/\/www.bolsaplast.com\/en\/data-protection-policy\/\" \/>\n<meta property=\"og:locale\" content=\"en_GB\" \/>\n<meta property=\"og:type\" content=\"article\" \/>\n<meta property=\"og:title\" content=\"Pol\u00edtica de protecci\u00f3n de datos - Bolsaplast\" \/>\n<meta property=\"og:description\" content=\"Informaci\u00f3n en cumplimiento de la normativa de protecci\u00f3n de datos personales En Europa y en Espa\u00f1a existen normas de protecci\u00f3n de datos pensadas para proteger su informaci\u00f3n personal de obligado cumplimiento para nuestra entidad. Por ello, es muy importante para nosotros que entienda perfectamente qu\u00e9 vamos a hacer con los datos personales que le pedimos. [&hellip;]\" \/>\n<meta property=\"og:url\" content=\"https:\/\/www.bolsaplast.com\/en\/data-protection-policy\/\" \/>\n<meta property=\"og:site_name\" content=\"Bolsaplast\" \/>\n<meta property=\"article:modified_time\" content=\"2026-03-18T11:57:11+00:00\" \/>\n<meta name=\"twitter:card\" content=\"summary_large_image\" \/>\n<meta name=\"twitter:label1\" content=\"Estimated reading time\" \/>\n\t<meta name=\"twitter:data1\" content=\"6 minutes\" \/>\n<script type=\"application\/ld+json\" class=\"yoast-schema-graph\">{\"@context\":\"https:\/\/schema.org\",\"@graph\":[{\"@type\":\"WebPage\",\"@id\":\"https:\/\/www.bolsaplast.com\/politica-de-proteccion-de-datos\/\",\"url\":\"https:\/\/www.bolsaplast.com\/politica-de-proteccion-de-datos\/\",\"name\":\"Pol\u00edtica de protecci\u00f3n de datos - Bolsaplast\",\"isPartOf\":{\"@id\":\"https:\/\/www.bolsaplast.com\/#website\"},\"datePublished\":\"2026-03-17T08:39:33+00:00\",\"dateModified\":\"2026-03-18T11:57:11+00:00\",\"breadcrumb\":{\"@id\":\"https:\/\/www.bolsaplast.com\/politica-de-proteccion-de-datos\/#breadcrumb\"},\"inLanguage\":\"en-GB\",\"potentialAction\":[{\"@type\":\"ReadAction\",\"target\":[\"https:\/\/www.bolsaplast.com\/politica-de-proteccion-de-datos\/\"]}]},{\"@type\":\"BreadcrumbList\",\"@id\":\"https:\/\/www.bolsaplast.com\/politica-de-proteccion-de-datos\/#breadcrumb\",\"itemListElement\":[{\"@type\":\"ListItem\",\"position\":1,\"name\":\"Portada\",\"item\":\"https:\/\/www.bolsaplast.com\/\"},{\"@type\":\"ListItem\",\"position\":2,\"name\":\"Pol\u00edtica de protecci\u00f3n de datos\"}]},{\"@type\":\"WebSite\",\"@id\":\"https:\/\/www.bolsaplast.com\/#website\",\"url\":\"https:\/\/www.bolsaplast.com\/\",\"name\":\"Bolsaplast\",\"description\":\"Especializados en packaging flexible y medical packaging\",\"potentialAction\":[{\"@type\":\"SearchAction\",\"target\":{\"@type\":\"EntryPoint\",\"urlTemplate\":\"https:\/\/www.bolsaplast.com\/?s={search_term_string}\"},\"query-input\":{\"@type\":\"PropertyValueSpecification\",\"valueRequired\":true,\"valueName\":\"search_term_string\"}}],\"inLanguage\":\"en-GB\"}]}<\/script>\n<!-- \/ Yoast SEO plugin. -->","yoast_head_json":{"title":"Data protection policy - Bolsaplast","robots":{"index":"index","follow":"follow","max-snippet":"max-snippet:-1","max-image-preview":"max-image-preview:large","max-video-preview":"max-video-preview:-1"},"canonical":"https:\/\/www.bolsaplast.com\/en\/data-protection-policy\/","og_locale":"en_GB","og_type":"article","og_title":"Pol\u00edtica de protecci\u00f3n de datos - Bolsaplast","og_description":"Informaci\u00f3n en cumplimiento de la normativa de protecci\u00f3n de datos personales En Europa y en Espa\u00f1a existen normas de protecci\u00f3n de datos pensadas para proteger su informaci\u00f3n personal de obligado cumplimiento para nuestra entidad. Por ello, es muy importante para nosotros que entienda perfectamente qu\u00e9 vamos a hacer con los datos personales que le pedimos. [&hellip;]","og_url":"https:\/\/www.bolsaplast.com\/en\/data-protection-policy\/","og_site_name":"Bolsaplast","article_modified_time":"2026-03-18T11:57:11+00:00","twitter_card":"summary_large_image","twitter_misc":{"Estimated reading time":"6 minutes"},"schema":{"@context":"https:\/\/schema.org","@graph":[{"@type":"WebPage","@id":"https:\/\/www.bolsaplast.com\/politica-de-proteccion-de-datos\/","url":"https:\/\/www.bolsaplast.com\/politica-de-proteccion-de-datos\/","name":"Data protection policy - Bolsaplast","isPartOf":{"@id":"https:\/\/www.bolsaplast.com\/#website"},"datePublished":"2026-03-17T08:39:33+00:00","dateModified":"2026-03-18T11:57:11+00:00","breadcrumb":{"@id":"https:\/\/www.bolsaplast.com\/politica-de-proteccion-de-datos\/#breadcrumb"},"inLanguage":"en-GB","potentialAction":[{"@type":"ReadAction","target":["https:\/\/www.bolsaplast.com\/politica-de-proteccion-de-datos\/"]}]},{"@type":"BreadcrumbList","@id":"https:\/\/www.bolsaplast.com\/politica-de-proteccion-de-datos\/#breadcrumb","itemListElement":[{"@type":"ListItem","position":1,"name":"Portada","item":"https:\/\/www.bolsaplast.com\/"},{"@type":"ListItem","position":2,"name":"Pol\u00edtica de protecci\u00f3n de datos"}]},{"@type":"WebSite","@id":"https:\/\/www.bolsaplast.com\/#website","url":"https:\/\/www.bolsaplast.com\/","name":"Bolsaplast","description":"Specialised in flexible packaging and medical packaging","potentialAction":[{"@type":"SearchAction","target":{"@type":"EntryPoint","urlTemplate":"https:\/\/www.bolsaplast.com\/?s={search_term_string}"},"query-input":{"@type":"PropertyValueSpecification","valueRequired":true,"valueName":"search_term_string"}}],"inLanguage":"en-GB"}]}},"_links":{"self":[{"href":"https:\/\/www.bolsaplast.com\/en\/wp-json\/wp\/v2\/pages\/778","targetHints":{"allow":["GET"]}}],"collection":[{"href":"https:\/\/www.bolsaplast.com\/en\/wp-json\/wp\/v2\/pages"}],"about":[{"href":"https:\/\/www.bolsaplast.com\/en\/wp-json\/wp\/v2\/types\/page"}],"author":[{"embeddable":true,"href":"https:\/\/www.bolsaplast.com\/en\/wp-json\/wp\/v2\/users\/1"}],"replies":[{"embeddable":true,"href":"https:\/\/www.bolsaplast.com\/en\/wp-json\/wp\/v2\/comments?post=778"}],"version-history":[{"count":2,"href":"https:\/\/www.bolsaplast.com\/en\/wp-json\/wp\/v2\/pages\/778\/revisions"}],"predecessor-version":[{"id":783,"href":"https:\/\/www.bolsaplast.com\/en\/wp-json\/wp\/v2\/pages\/778\/revisions\/783"}],"wp:attachment":[{"href":"https:\/\/www.bolsaplast.com\/en\/wp-json\/wp\/v2\/media?parent=778"}],"curies":[{"name":"wp","href":"https:\/\/api.w.org\/{rel}","templated":true}]}}