{"id":146,"date":"2025-10-03T10:45:03","date_gmt":"2025-10-03T10:45:03","guid":{"rendered":"http:\/\/www.bolsaplast.com\/?page_id=146"},"modified":"2026-02-09T13:04:13","modified_gmt":"2026-02-09T13:04:13","slug":"a-propos-de-nous","status":"publish","type":"page","link":"https:\/\/www.bolsaplast.com\/fr\/a-propos-de-nous\/","title":{"rendered":"A propos de nous"},"content":{"rendered":"<h1>Tradition familiale et innovation continue<\/h1>\n<p class=\"skrollable skrollable-between\" data-start=\"467\" data-end=\"914\"><strong class=\"skrollable skrollable-between\" data-start=\"467\" data-end=\"481\">Bolsaplast<\/strong>\u00a0est bien plus qu'une simple usine d'emballages souples : nous sommes une soci\u00e9t\u00e9 de services.\u00a0<strong class=\"skrollable skrollable-between\" data-start=\"543\" data-end=\"576\">Entreprise familiale historique<\/strong>, fond\u00e9e en 1962 par la famille Par\u00e9s, nous sommes aujourd'hui g\u00e9r\u00e9s par la\u00a0<strong class=\"skrollable skrollable-between\" data-start=\"645\" data-end=\"667\">troisi\u00e8me g\u00e9n\u00e9ration.<\/strong>. Depuis notre site de production \u00e0\u00a0<strong class=\"skrollable skrollable-between\" data-start=\"707\" data-end=\"751\">Sabadell, \u00e0 seulement 25 minutes de Barcelone<\/strong>,nous travaillons chaque jour avec le m\u00eame objectif : offrir \u00e0 nos clients un service de qualit\u00e9.\u00a0<strong class=\"skrollable skrollable-between\" data-start=\"805\" data-end=\"876\">Nous cr\u00e9ons des solutions d'emballage qui ajoutent de la valeur, de la protection et de la personnalit\u00e9<\/strong>\u00a0aux produits de nos clients.<\/p>\n<p class=\"skrollable skrollable-between\" data-start=\"916\" data-end=\"1138\">Nous disposons d'une grande \u00e9quipe de professionnels passionn\u00e9s par leur m\u00e9tier. Son <strong>engagement en faveur de la qualit\u00e9 et du service<\/strong> est la force motrice qui nous a permis de consolider notre position sur de nombreux march\u00e9s internationaux.<\/p>\n<p class=\"skrollable skrollable-between\" data-start=\"1140\" data-end=\"1452\">Chez Bolsaplast, nous savons que l'excellence ne se limite pas \u00e0 la production, mais r\u00e9side \u00e9galement\u00a0<strong class=\"skrollable skrollable-between\" data-start=\"1238\" data-end=\"1270\">dans notre communication.<\/strong>C'est pourquoi nous entretenons des relations \u00e9troites, souples et transparentes avec nos clients et fournisseurs, en garantissant\u00a0<strong class=\"skrollable skrollable-between\" data-start=\"1384\" data-end=\"1426\">des r\u00e9ponses rapides, sinc\u00e8res et directes<\/strong>\u00a0en cas de besoin.<\/p>","protected":false},"excerpt":{"rendered":"<p>Tradici\u00f3n familiar, innovaci\u00f3n constante Bolsaplast\u00a0es mucho m\u00e1s que una f\u00e1brica de envases flexibles: somos una\u00a0empresa familiar con historia, fundada en 1962 por la familia Par\u00e9s y actualmente dirigida por la\u00a0tercera generaci\u00f3n. Desde nuestro centro de producci\u00f3n en\u00a0Sabadell, a solo 25 minutos de Barcelona, trabajamos cada d\u00eda con un mismo prop\u00f3sito: ofrecer\u00a0soluciones de embalaje que aporten [&hellip;]<\/p>","protected":false},"author":1,"featured_media":0,"parent":0,"menu_order":0,"comment_status":"closed","ping_status":"closed","template":"","meta":{"_acf_changed":false,"footnotes":""},"class_list":["post-146","page","type-page","status-publish","hentry"],"acf":[],"yoast_head":"<!-- This site is optimized with the Yoast SEO plugin v26.8 - https:\/\/yoast.com\/product\/yoast-seo-wordpress\/ -->\n<title>Sobre nosotros - Bolsaplast<\/title>\n<meta name=\"robots\" content=\"index, follow, max-snippet:-1, max-image-preview:large, max-video-preview:-1\" \/>\n<link rel=\"canonical\" href=\"https:\/\/www.bolsaplast.com\/fr\/a-propos-de-nous\/\" \/>\n<meta property=\"og:locale\" content=\"fr_FR\" \/>\n<meta property=\"og:type\" content=\"article\" \/>\n<meta property=\"og:title\" content=\"Sobre nosotros - Bolsaplast\" \/>\n<meta property=\"og:description\" content=\"Tradici\u00f3n familiar, innovaci\u00f3n constante Bolsaplast\u00a0es mucho m\u00e1s que una f\u00e1brica de envases flexibles: somos una\u00a0empresa familiar con historia, fundada en 1962 por la familia Par\u00e9s y actualmente dirigida por la\u00a0tercera generaci\u00f3n. Desde nuestro centro de producci\u00f3n en\u00a0Sabadell, a solo 25 minutos de Barcelona, trabajamos cada d\u00eda con un mismo prop\u00f3sito: ofrecer\u00a0soluciones de embalaje que aporten [&hellip;]\" \/>\n<meta property=\"og:url\" content=\"https:\/\/www.bolsaplast.com\/fr\/a-propos-de-nous\/\" \/>\n<meta property=\"og:site_name\" content=\"Bolsaplast\" \/>\n<meta property=\"article:modified_time\" content=\"2026-02-09T13:04:13+00:00\" \/>\n<meta name=\"twitter:card\" content=\"summary_large_image\" \/>\n<meta name=\"twitter:label1\" content=\"Dur\u00e9e de lecture estim\u00e9e\" \/>\n\t<meta name=\"twitter:data1\" content=\"1 minute\" \/>\n<script type=\"application\/ld+json\" class=\"yoast-schema-graph\">{\"@context\":\"https:\/\/schema.org\",\"@graph\":[{\"@type\":\"WebPage\",\"@id\":\"https:\/\/www.bolsaplast.com\/sobre-nosotros\/\",\"url\":\"https:\/\/www.bolsaplast.com\/sobre-nosotros\/\",\"name\":\"Sobre nosotros - Bolsaplast\",\"isPartOf\":{\"@id\":\"https:\/\/www.bolsaplast.com\/#website\"},\"datePublished\":\"2025-10-03T10:45:03+00:00\",\"dateModified\":\"2026-02-09T13:04:13+00:00\",\"breadcrumb\":{\"@id\":\"https:\/\/www.bolsaplast.com\/sobre-nosotros\/#breadcrumb\"},\"inLanguage\":\"fr-FR\",\"potentialAction\":[{\"@type\":\"ReadAction\",\"target\":[\"https:\/\/www.bolsaplast.com\/sobre-nosotros\/\"]}]},{\"@type\":\"BreadcrumbList\",\"@id\":\"https:\/\/www.bolsaplast.com\/sobre-nosotros\/#breadcrumb\",\"itemListElement\":[{\"@type\":\"ListItem\",\"position\":1,\"name\":\"Portada\",\"item\":\"https:\/\/www.bolsaplast.com\/\"},{\"@type\":\"ListItem\",\"position\":2,\"name\":\"Sobre nosotros\"}]},{\"@type\":\"WebSite\",\"@id\":\"https:\/\/www.bolsaplast.com\/#website\",\"url\":\"https:\/\/www.bolsaplast.com\/\",\"name\":\"Bolsaplast\",\"description\":\"Especializados en packaging flexible y medical packaging\",\"potentialAction\":[{\"@type\":\"SearchAction\",\"target\":{\"@type\":\"EntryPoint\",\"urlTemplate\":\"https:\/\/www.bolsaplast.com\/?s={search_term_string}\"},\"query-input\":{\"@type\":\"PropertyValueSpecification\",\"valueRequired\":true,\"valueName\":\"search_term_string\"}}],\"inLanguage\":\"fr-FR\"}]}<\/script>\n<!-- \/ Yoast SEO plugin. -->","yoast_head_json":{"title":"\u00c0 propos de nous - Bolsaplast","robots":{"index":"index","follow":"follow","max-snippet":"max-snippet:-1","max-image-preview":"max-image-preview:large","max-video-preview":"max-video-preview:-1"},"canonical":"https:\/\/www.bolsaplast.com\/fr\/a-propos-de-nous\/","og_locale":"fr_FR","og_type":"article","og_title":"Sobre nosotros - Bolsaplast","og_description":"Tradici\u00f3n familiar, innovaci\u00f3n constante Bolsaplast\u00a0es mucho m\u00e1s que una f\u00e1brica de envases flexibles: somos una\u00a0empresa familiar con historia, fundada en 1962 por la familia Par\u00e9s y actualmente dirigida por la\u00a0tercera generaci\u00f3n. Desde nuestro centro de producci\u00f3n en\u00a0Sabadell, a solo 25 minutos de Barcelona, trabajamos cada d\u00eda con un mismo prop\u00f3sito: ofrecer\u00a0soluciones de embalaje que aporten [&hellip;]","og_url":"https:\/\/www.bolsaplast.com\/fr\/a-propos-de-nous\/","og_site_name":"Bolsaplast","article_modified_time":"2026-02-09T13:04:13+00:00","twitter_card":"summary_large_image","twitter_misc":{"Dur\u00e9e de lecture estim\u00e9e":"1 minute"},"schema":{"@context":"https:\/\/schema.org","@graph":[{"@type":"WebPage","@id":"https:\/\/www.bolsaplast.com\/sobre-nosotros\/","url":"https:\/\/www.bolsaplast.com\/sobre-nosotros\/","name":"\u00c0 propos de nous - Bolsaplast","isPartOf":{"@id":"https:\/\/www.bolsaplast.com\/#website"},"datePublished":"2025-10-03T10:45:03+00:00","dateModified":"2026-02-09T13:04:13+00:00","breadcrumb":{"@id":"https:\/\/www.bolsaplast.com\/sobre-nosotros\/#breadcrumb"},"inLanguage":"fr-FR","potentialAction":[{"@type":"ReadAction","target":["https:\/\/www.bolsaplast.com\/sobre-nosotros\/"]}]},{"@type":"BreadcrumbList","@id":"https:\/\/www.bolsaplast.com\/sobre-nosotros\/#breadcrumb","itemListElement":[{"@type":"ListItem","position":1,"name":"Portada","item":"https:\/\/www.bolsaplast.com\/"},{"@type":"ListItem","position":2,"name":"Sobre nosotros"}]},{"@type":"WebSite","@id":"https:\/\/www.bolsaplast.com\/#website","url":"https:\/\/www.bolsaplast.com\/","name":"Bolsaplast","description":"Sp\u00e9cialis\u00e9 dans l'emballage flexible et l'emballage m\u00e9dical","potentialAction":[{"@type":"SearchAction","target":{"@type":"EntryPoint","urlTemplate":"https:\/\/www.bolsaplast.com\/?s={search_term_string}"},"query-input":{"@type":"PropertyValueSpecification","valueRequired":true,"valueName":"search_term_string"}}],"inLanguage":"fr-FR"}]}},"_links":{"self":[{"href":"https:\/\/www.bolsaplast.com\/fr\/wp-json\/wp\/v2\/pages\/146","targetHints":{"allow":["GET"]}}],"collection":[{"href":"https:\/\/www.bolsaplast.com\/fr\/wp-json\/wp\/v2\/pages"}],"about":[{"href":"https:\/\/www.bolsaplast.com\/fr\/wp-json\/wp\/v2\/types\/page"}],"author":[{"embeddable":true,"href":"https:\/\/www.bolsaplast.com\/fr\/wp-json\/wp\/v2\/users\/1"}],"replies":[{"embeddable":true,"href":"https:\/\/www.bolsaplast.com\/fr\/wp-json\/wp\/v2\/comments?post=146"}],"version-history":[{"count":65,"href":"https:\/\/www.bolsaplast.com\/fr\/wp-json\/wp\/v2\/pages\/146\/revisions"}],"predecessor-version":[{"id":760,"href":"https:\/\/www.bolsaplast.com\/fr\/wp-json\/wp\/v2\/pages\/146\/revisions\/760"}],"wp:attachment":[{"href":"https:\/\/www.bolsaplast.com\/fr\/wp-json\/wp\/v2\/media?parent=146"}],"curies":[{"name":"wp","href":"https:\/\/api.w.org\/{rel}","templated":true}]}}