{"id":383,"date":"2025-10-14T09:15:18","date_gmt":"2025-10-14T09:15:18","guid":{"rendered":"http:\/\/www.bolsaplast.com\/?page_id=383"},"modified":"2025-10-14T09:41:24","modified_gmt":"2025-10-14T09:41:24","slug":"contact","status":"publish","type":"page","link":"https:\/\/www.bolsaplast.com\/fr\/contact\/","title":{"rendered":"Contact"},"content":{"rendered":"<p style=\"text-align: center;\">Nous sommes \u00e0 votre enti\u00e8re disposition pour approfondir ces points et r\u00e9pondre \u00e0 toutes vos interrogations.<br \/>\nVotre projet m\u00e9rite un accompagnement sur mesure.<\/p>\n<p style=\"text-align: center;\">Remplissez le formulaire ci-dessous : notre \u00e9quipe vous contactera dans les plus brefs d\u00e9lais.<\/p>","protected":false},"excerpt":{"rendered":"<p>Nous sommes l\u00e0 pour vous aider et r\u00e9pondre \u00e0 vos questions. Nous nous ferons un plaisir de vous aider. Remplissez le formulaire ci-dessous et nous vous contacterons dans les plus brefs d\u00e9lais.<\/p>","protected":false},"author":1,"featured_media":0,"parent":0,"menu_order":0,"comment_status":"closed","ping_status":"closed","template":"","meta":{"_acf_changed":false,"footnotes":""},"class_list":["post-383","page","type-page","status-publish","hentry"],"acf":[],"yoast_head":"<!-- This site is optimized with the Yoast SEO plugin v26.8 - https:\/\/yoast.com\/product\/yoast-seo-wordpress\/ -->\n<title>Contactar - Bolsaplast<\/title>\n<meta name=\"robots\" content=\"index, follow, max-snippet:-1, max-image-preview:large, max-video-preview:-1\" \/>\n<link rel=\"canonical\" href=\"https:\/\/www.bolsaplast.com\/fr\/contact\/\" \/>\n<meta property=\"og:locale\" content=\"fr_FR\" \/>\n<meta property=\"og:type\" content=\"article\" \/>\n<meta property=\"og:title\" content=\"Contactar - Bolsaplast\" \/>\n<meta property=\"og:description\" content=\"Estamos aqu\u00ed para ayudarte y responder a cualquier pregunta que puedas tener. Estaremos encantados de atenderte. Rellena el siguiente formulario y nos pondremos en contacto contigo en breve.\" \/>\n<meta property=\"og:url\" content=\"https:\/\/www.bolsaplast.com\/fr\/contact\/\" \/>\n<meta property=\"og:site_name\" content=\"Bolsaplast\" \/>\n<meta property=\"article:modified_time\" content=\"2025-10-14T09:41:24+00:00\" \/>\n<meta name=\"twitter:card\" content=\"summary_large_image\" \/>\n<script type=\"application\/ld+json\" class=\"yoast-schema-graph\">{\"@context\":\"https:\/\/schema.org\",\"@graph\":[{\"@type\":\"WebPage\",\"@id\":\"https:\/\/www.bolsaplast.com\/contactar\/\",\"url\":\"https:\/\/www.bolsaplast.com\/contactar\/\",\"name\":\"Contactar - Bolsaplast\",\"isPartOf\":{\"@id\":\"https:\/\/www.bolsaplast.com\/#website\"},\"datePublished\":\"2025-10-14T09:15:18+00:00\",\"dateModified\":\"2025-10-14T09:41:24+00:00\",\"breadcrumb\":{\"@id\":\"https:\/\/www.bolsaplast.com\/contactar\/#breadcrumb\"},\"inLanguage\":\"fr-FR\",\"potentialAction\":[{\"@type\":\"ReadAction\",\"target\":[\"https:\/\/www.bolsaplast.com\/contactar\/\"]}]},{\"@type\":\"BreadcrumbList\",\"@id\":\"https:\/\/www.bolsaplast.com\/contactar\/#breadcrumb\",\"itemListElement\":[{\"@type\":\"ListItem\",\"position\":1,\"name\":\"Portada\",\"item\":\"https:\/\/www.bolsaplast.com\/\"},{\"@type\":\"ListItem\",\"position\":2,\"name\":\"Contactar\"}]},{\"@type\":\"WebSite\",\"@id\":\"https:\/\/www.bolsaplast.com\/#website\",\"url\":\"https:\/\/www.bolsaplast.com\/\",\"name\":\"Bolsaplast\",\"description\":\"Especializados en packaging flexible y medical packaging\",\"potentialAction\":[{\"@type\":\"SearchAction\",\"target\":{\"@type\":\"EntryPoint\",\"urlTemplate\":\"https:\/\/www.bolsaplast.com\/?s={search_term_string}\"},\"query-input\":{\"@type\":\"PropertyValueSpecification\",\"valueRequired\":true,\"valueName\":\"search_term_string\"}}],\"inLanguage\":\"fr-FR\"}]}<\/script>\n<!-- \/ Yoast SEO plugin. -->","yoast_head_json":{"title":"Contact - Bolsaplast","robots":{"index":"index","follow":"follow","max-snippet":"max-snippet:-1","max-image-preview":"max-image-preview:large","max-video-preview":"max-video-preview:-1"},"canonical":"https:\/\/www.bolsaplast.com\/fr\/contact\/","og_locale":"fr_FR","og_type":"article","og_title":"Contactar - Bolsaplast","og_description":"Estamos aqu\u00ed para ayudarte y responder a cualquier pregunta que puedas tener. Estaremos encantados de atenderte. Rellena el siguiente formulario y nos pondremos en contacto contigo en breve.","og_url":"https:\/\/www.bolsaplast.com\/fr\/contact\/","og_site_name":"Bolsaplast","article_modified_time":"2025-10-14T09:41:24+00:00","twitter_card":"summary_large_image","schema":{"@context":"https:\/\/schema.org","@graph":[{"@type":"WebPage","@id":"https:\/\/www.bolsaplast.com\/contactar\/","url":"https:\/\/www.bolsaplast.com\/contactar\/","name":"Contact - Bolsaplast","isPartOf":{"@id":"https:\/\/www.bolsaplast.com\/#website"},"datePublished":"2025-10-14T09:15:18+00:00","dateModified":"2025-10-14T09:41:24+00:00","breadcrumb":{"@id":"https:\/\/www.bolsaplast.com\/contactar\/#breadcrumb"},"inLanguage":"fr-FR","potentialAction":[{"@type":"ReadAction","target":["https:\/\/www.bolsaplast.com\/contactar\/"]}]},{"@type":"BreadcrumbList","@id":"https:\/\/www.bolsaplast.com\/contactar\/#breadcrumb","itemListElement":[{"@type":"ListItem","position":1,"name":"Portada","item":"https:\/\/www.bolsaplast.com\/"},{"@type":"ListItem","position":2,"name":"Contactar"}]},{"@type":"WebSite","@id":"https:\/\/www.bolsaplast.com\/#website","url":"https:\/\/www.bolsaplast.com\/","name":"Bolsaplast","description":"Sp\u00e9cialis\u00e9 dans l'emballage flexible et l'emballage m\u00e9dical","potentialAction":[{"@type":"SearchAction","target":{"@type":"EntryPoint","urlTemplate":"https:\/\/www.bolsaplast.com\/?s={search_term_string}"},"query-input":{"@type":"PropertyValueSpecification","valueRequired":true,"valueName":"search_term_string"}}],"inLanguage":"fr-FR"}]}},"_links":{"self":[{"href":"https:\/\/www.bolsaplast.com\/fr\/wp-json\/wp\/v2\/pages\/383","targetHints":{"allow":["GET"]}}],"collection":[{"href":"https:\/\/www.bolsaplast.com\/fr\/wp-json\/wp\/v2\/pages"}],"about":[{"href":"https:\/\/www.bolsaplast.com\/fr\/wp-json\/wp\/v2\/types\/page"}],"author":[{"embeddable":true,"href":"https:\/\/www.bolsaplast.com\/fr\/wp-json\/wp\/v2\/users\/1"}],"replies":[{"embeddable":true,"href":"https:\/\/www.bolsaplast.com\/fr\/wp-json\/wp\/v2\/comments?post=383"}],"version-history":[{"count":7,"href":"https:\/\/www.bolsaplast.com\/fr\/wp-json\/wp\/v2\/pages\/383\/revisions"}],"predecessor-version":[{"id":392,"href":"https:\/\/www.bolsaplast.com\/fr\/wp-json\/wp\/v2\/pages\/383\/revisions\/392"}],"wp:attachment":[{"href":"https:\/\/www.bolsaplast.com\/fr\/wp-json\/wp\/v2\/media?parent=383"}],"curies":[{"name":"wp","href":"https:\/\/api.w.org\/{rel}","templated":true}]}}