{"id":579,"date":"2026-01-14T09:02:35","date_gmt":"2026-01-14T09:02:35","guid":{"rendered":"http:\/\/www.bolsaplast.com\/?page_id=579"},"modified":"2026-01-14T09:02:35","modified_gmt":"2026-01-14T09:02:35","slug":"regles-dutilisation","status":"publish","type":"page","link":"https:\/\/www.bolsaplast.com\/fr\/regles-dutilisation\/","title":{"rendered":"R\u00e8gles d'utilisation"},"content":{"rendered":"<p>Le propri\u00e9taire du site web www.bolsaplast.com (\u201cSite web\u201d) est l'entreprise BOLSAPLAST S.L. qui op\u00e8re sous la marque \u2018Bolsaplast\u2019, dont les donn\u00e9es d'identification sont les suivantes :<\/p>\n<p><u><strong>DES INFORMATIONS JURIDIQUES :<\/strong><\/u><\/p>\n<p><strong>Entreprise :\u00a0<\/strong>BOLSAPLAST S.L.<br \/>\n<strong>CIF :\u00a0<\/strong>B-08808990<br \/>\n<strong>Adresse :<\/strong>\u00a0C. Bernat Metge, 110-112 08205 Sabadell (Barcelona), Espagne<br \/>\n<strong>T\u00e9l\u00e9phone :<\/strong>\u00a0+34 93 711 73 61<br \/>\n<strong>E-mail :<\/strong>\u00a0<a title=\"bolsaplast@bolsaplast.com\" href=\"mailto:bolsaplast@bolsaplast.com\">bolsaplast@bolsaplast.com<\/a><\/p>\n<p><strong>Acc\u00e8s au web<\/strong><\/p>\n<p>Les pr\u00e9sentes conditions g\u00e9n\u00e9rales d'acc\u00e8s et d'utilisation r\u00e9gissent l'acc\u00e8s et l'utilisation du site web et sont destin\u00e9es \u00e0 fournir \u00e0 l'utilisateur des informations sur Bolsaplast, ses produits et ses services.<\/p>\n<p>L'acc\u00e8s et l'utilisation du site web par l'utilisateur impliquent l'acceptation des pr\u00e9sentes conditions g\u00e9n\u00e9rales d'acc\u00e8s et d'utilisation, ainsi que de la politique de confidentialit\u00e9 du site web.<\/p>\n<p>L'utilisateur doit lire attentivement les conditions g\u00e9n\u00e9rales d'acc\u00e8s et d'utilisation et la politique de confidentialit\u00e9 lorsqu'il a l'intention d'utiliser le site web, car elles peuvent \u00eatre adapt\u00e9es et\/ou modifi\u00e9es \u00e0 tout moment. Si vous n'acceptez pas les pr\u00e9sentes conditions g\u00e9n\u00e9rales d'acc\u00e8s et d'utilisation, veuillez vous abstenir d'utiliser le site web et son contenu.<\/p>\n<p><strong>Utilisation et fonctionnement du site web<\/strong><\/p>\n<p>L'utilisateur s'engage \u00e0 faire un usage diligent du site Web, ainsi que des informations relatives aux produits et services qui y sont d\u00e9taill\u00e9es, dans le respect de la r\u00e9glementation applicable et des conditions g\u00e9n\u00e9rales d'acc\u00e8s et d'utilisation et, le cas \u00e9ch\u00e9ant, de toute autre condition que Bolsaplast pourrait \u00e9tablir \u00e0 cet effet sur le site Web.<\/p>\n<p>En cons\u00e9quence, l'utilisateur s'engage \u00e0 ne pas tenir de propos et\/ou de contenus, qu'ils soient les siens ou ceux de tiers, (i) illicites, violents, pornographiques, racistes et\/ou d\u00e9nigrants ; et (ii) inappropri\u00e9s ou non pertinents par rapport \u00e0 l'activit\u00e9 et \u00e0 la marque de Bolsaplast.<br \/>\nDe m\u00eame, l'utilisateur s'engage \u00e0 ne r\u00e9aliser aucun acte visant \u00e0 endommager, rendre inutilisable et\/ou surcharger le site Web, ou qui emp\u00eacherait, de quelque mani\u00e8re que ce soit, son utilisation et son fonctionnement normaux.<\/p>\n<p>L'utilisateur est inform\u00e9 qu'en cas de non-respect des Conditions g\u00e9n\u00e9rales d'acc\u00e8s et d'utilisation, de la Politique de confidentialit\u00e9 ou, le cas \u00e9ch\u00e9ant, de tout autre terme ou condition figurant sur le Site Internet, Bolsaplast se r\u00e9serve le droit de limiter, suspendre et\/ou mettre fin \u00e0 l'acc\u00e8s au Site Internet, en adoptant toutes les mesures techniques n\u00e9cessaires \u00e0 cet effet.<\/p>\n<p>Bolsaplast s'efforce de maintenir le site Web en bon \u00e9tat de fonctionnement, en \u00e9vitant les erreurs ou, le cas \u00e9ch\u00e9ant, en les r\u00e9parant, et en veillant \u00e0 ce que les contenus du site Web soient d\u00fbment mis \u00e0 jour. Cependant, Bolsaplast ne garantit pas la disponibilit\u00e9 et la continuit\u00e9 de l'acc\u00e8s au site, ni l'absence d'erreurs dans son contenu, ni la mise \u00e0 jour de ce dernier en temps opportun.<\/p>\n<p><strong>Responsabilit\u00e9<\/strong><\/p>\n<p>L'acc\u00e8s au site web et l'utilisation qui peut \u00eatre faite de toute information ou de tout m\u00e9canisme qu'il contient s'effectuent sous la seule responsabilit\u00e9 de l'utilisateur.<\/p>\n<p>Bolsaplast n'est pas responsable des dommages et\/ou pertes pouvant d\u00e9couler, directement ou indirectement, de l'acc\u00e8s ou de l'utilisation des informations contenues sur le site Web et, en particulier, des informations relatives \u00e0 des tiers autres que Bolsaplast, y compris, mais sans s'y limiter, ceux caus\u00e9s aux syst\u00e8mes informatiques ou ceux caus\u00e9s par l'introduction de virus et\/ou d'attaques informatiques, ni des dommages que les utilisateurs pourraient subir \u00e0 la suite d'une utilisation inappropri\u00e9e du site Web, ni des pannes, interruptions, absences ou d\u00e9fauts de communication et\/ou d'Internet.<\/p>\n<p>En outre, Bolsaplast n'est pas responsable des dommages et\/ou pr\u00e9judices caus\u00e9s au logiciel et\/ou au mat\u00e9riel de l'utilisateur suite \u00e0 l'acc\u00e8s et \u00e0 l'utilisation du site Web.<\/p>\n<p>L'utilisateur est responsable des dommages de toute nature que Bolsaplast pourrait subir en raison d'un manquement \u00e0 l'une des obligations auxquelles il est soumis en vertu des pr\u00e9sentes Conditions g\u00e9n\u00e9rales d'acc\u00e8s et d'utilisation, des autres conditions \u00e9nonc\u00e9es sur le site Web et\/ou de la l\u00e9gislation applicable \u00e0 tout moment.<\/p>\n<p><strong>Politique de liaison<\/strong><\/p>\n<p><em>a) Liens vers le web<\/em><\/p>\n<p>Les tiers qui ont l'intention d'inclure un lien vers le site Web sur un site Web (\u201csite de liaison\u201d) doivent obtenir l'autorisation \u00e9crite expresse et pr\u00e9alable de Bolsaplast.<\/p>\n<p>Le lien ne signifie en aucun cas que Bolsaplast approuve, promeut, garantit, supervise et\/ou recommande le contenu et\/ou les services du site de lien ou qu'il est responsable du contenu de ce dernier.<\/p>\n<p>Le Site Li\u00e9 doit respecter la l\u00e9gislation en vigueur et ne peut en aucun cas h\u00e9berger un contenu propre ou tiers : (i) ill\u00e9gal, nuisible, violent, raciste, d\u00e9nigrant, etc. et\/ou (ii) inappropri\u00e9 ou non pertinent par rapport \u00e0 l'activit\u00e9 de Bolsaplast.<\/p>\n<p>En cas de non-respect de l'une des conditions susmentionn\u00e9es, Bolsaplast r\u00e9voquera imm\u00e9diatement l'autorisation accord\u00e9e au Site Liant, qui supprimera le lien.<\/p>\n<p><em>b) Liens vers d'autres sites web<\/em><\/p>\n<p>Le site web peut inclure divers liens qui permettent \u00e0 l'utilisateur d'acc\u00e9der \u00e0 d'autres sites web (\u201csites li\u00e9s\u201d).<\/p>\n<p>L'existence de sites li\u00e9s n'implique en aucun cas une recommandation, une promotion, une identification et\/ou une conformit\u00e9 de Bolsaplast avec les d\u00e9clarations, les contenus et\/ou les services fournis par le biais des sites li\u00e9s. Par cons\u00e9quent, Bolsaplast n'est pas responsable du contenu et des autres conditions des Sites Li\u00e9s, et l'utilisateur est seul responsable de les v\u00e9rifier et de les accepter chaque fois qu'il y acc\u00e8de et les utilise.<\/p>\n<p><strong>Propri\u00e9t\u00e9 industrielle et intellectuelle<\/strong><\/p>\n<p>Tous les droits de propri\u00e9t\u00e9 intellectuelle sur les dessins, les bases de donn\u00e9es, les programmes informatiques sous-jacents (y compris les codes sources), ainsi que les diff\u00e9rents \u00e9l\u00e9ments qui composent le Site Internet (textes, graphiques, photographies, vid\u00e9os, enregistrements sonores, combinaisons de couleurs, etc. Les signes distinctifs inclus sur le Site Internet (marques et noms commerciaux) sont la propri\u00e9t\u00e9 de Bolsaplast ou de ses conc\u00e9dants de licence.<\/p>\n<p>L'utilisation du site web par l'utilisateur n'implique le transfert d'aucun droit de propri\u00e9t\u00e9 intellectuelle et\/ou industrielle sur le site web et son contenu.<\/p>\n<p>En vertu des Conditions g\u00e9n\u00e9rales d'acc\u00e8s et d'utilisation, il est express\u00e9ment interdit \u00e0 l'utilisateur de reproduire, transformer, distribuer, communiquer publiquement, mettre \u00e0 disposition, extraire et\/ou diffuser de toute autre mani\u00e8re le site Web, les contenus et\/ou les signes distinctifs de Bolsaplast sans autorisation expresse.<\/p>\n<p>L'utilisation non autoris\u00e9e des Contenus, ainsi que les dommages caus\u00e9s aux droits de propri\u00e9t\u00e9 intellectuelle et industrielle de Bolsaplast peuvent donner lieu \u00e0 l'exercice des actions auxquelles elle a l\u00e9galement droit, ainsi qu'aux responsabilit\u00e9s qui, le cas \u00e9ch\u00e9ant, peuvent en d\u00e9couler.<\/p>\n<p><strong>Nullit\u00e9<\/strong><\/p>\n<p>Si l'une des clauses des Conditions g\u00e9n\u00e9rales d'acc\u00e8s et d'utilisation est d\u00e9clar\u00e9e, totalement ou partiellement, nulle ou inefficace, cette nullit\u00e9 ou inefficacit\u00e9 n'affectera que cette disposition ou la partie de celle-ci qui est nulle ou inefficace, et celle-ci restera en vigueur \u00e0 tous les autres \u00e9gards, et cette disposition ou la partie de celle-ci qui est affect\u00e9e sera consid\u00e9r\u00e9e comme n'\u00e9tant pas en vigueur. \u00c0 ces fins, les conditions g\u00e9n\u00e9rales d'acc\u00e8s et d'utilisation ne cesseront d'\u00eatre valables qu'en ce qui concerne la disposition nulle ou inefficace, et aucune autre partie ou disposition ne sera annul\u00e9e, invalid\u00e9e, alt\u00e9r\u00e9e ou affect\u00e9e par cette nullit\u00e9 ou inefficacit\u00e9, \u00e0 moins qu'il ne soit essentiel d'affecter les conditions g\u00e9n\u00e9rales d'acc\u00e8s et d'utilisation dans leur int\u00e9gralit\u00e9.<\/p>\n<p><strong>Langue<\/strong><\/p>\n<p>Les conditions g\u00e9n\u00e9rales d'acc\u00e8s et d'utilisation sont r\u00e9dig\u00e9es en espagnol et en catalan. En cas de divergence entre ces versions, la version espagnole pr\u00e9vaut.<\/p>","protected":false},"excerpt":{"rendered":"<p>El titular de la web www.bolsaplast.com (\u201cWeb\u201d) es la sociedad BOLSAPLAST S.L. que opera bajo la marca comercial \u2018Bolsaplast\u2019, cuyos datos de identificaci\u00f3n son los siguientes: INFORMACI\u00d3N LEGAL: Empresa:\u00a0BOLSAPLAST S.L. CIF:\u00a0B-08808990 Direcci\u00f3n:\u00a0C. Bernat Metge, 110-112 08205 Sabadell (Barcelona), Espa\u00f1a Tel\u00e9fono:\u00a0+34 93 711 73 61 E-mail:\u00a0bolsaplast@bolsaplast.com Acceso a la Web Las presentes Condiciones Generales de Acceso [&hellip;]<\/p>","protected":false},"author":1,"featured_media":0,"parent":0,"menu_order":0,"comment_status":"closed","ping_status":"closed","template":"page-legal.php","meta":{"_acf_changed":false,"footnotes":""},"class_list":["post-579","page","type-page","status-publish","hentry"],"acf":[],"yoast_head":"<!-- This site is optimized with the Yoast SEO plugin v26.8 - https:\/\/yoast.com\/product\/yoast-seo-wordpress\/ -->\n<title>Normas de uso - Bolsaplast<\/title>\n<meta name=\"robots\" content=\"index, follow, max-snippet:-1, max-image-preview:large, max-video-preview:-1\" \/>\n<link rel=\"canonical\" href=\"https:\/\/www.bolsaplast.com\/fr\/regles-dutilisation\/\" \/>\n<meta property=\"og:locale\" content=\"fr_FR\" \/>\n<meta property=\"og:type\" content=\"article\" \/>\n<meta property=\"og:title\" content=\"Normas de uso - Bolsaplast\" \/>\n<meta property=\"og:description\" content=\"El titular de la web www.bolsaplast.com (\u201cWeb\u201d) es la sociedad BOLSAPLAST S.L. que opera bajo la marca comercial \u2018Bolsaplast\u2019, cuyos datos de identificaci\u00f3n son los siguientes: INFORMACI\u00d3N LEGAL: Empresa:\u00a0BOLSAPLAST S.L. CIF:\u00a0B-08808990 Direcci\u00f3n:\u00a0C. Bernat Metge, 110-112 08205 Sabadell (Barcelona), Espa\u00f1a Tel\u00e9fono:\u00a0+34 93 711 73 61 E-mail:\u00a0bolsaplast@bolsaplast.com Acceso a la Web Las presentes Condiciones Generales de Acceso [&hellip;]\" \/>\n<meta property=\"og:url\" content=\"https:\/\/www.bolsaplast.com\/fr\/regles-dutilisation\/\" \/>\n<meta property=\"og:site_name\" content=\"Bolsaplast\" \/>\n<meta name=\"twitter:card\" content=\"summary_large_image\" \/>\n<meta name=\"twitter:label1\" content=\"Dur\u00e9e de lecture estim\u00e9e\" \/>\n\t<meta name=\"twitter:data1\" content=\"7 minutes\" \/>\n<script type=\"application\/ld+json\" class=\"yoast-schema-graph\">{\"@context\":\"https:\/\/schema.org\",\"@graph\":[{\"@type\":\"WebPage\",\"@id\":\"https:\/\/www.bolsaplast.com\/normas-de-uso\/\",\"url\":\"https:\/\/www.bolsaplast.com\/normas-de-uso\/\",\"name\":\"Normas de uso - Bolsaplast\",\"isPartOf\":{\"@id\":\"https:\/\/www.bolsaplast.com\/#website\"},\"datePublished\":\"2026-01-14T09:02:35+00:00\",\"breadcrumb\":{\"@id\":\"https:\/\/www.bolsaplast.com\/normas-de-uso\/#breadcrumb\"},\"inLanguage\":\"fr-FR\",\"potentialAction\":[{\"@type\":\"ReadAction\",\"target\":[\"https:\/\/www.bolsaplast.com\/normas-de-uso\/\"]}]},{\"@type\":\"BreadcrumbList\",\"@id\":\"https:\/\/www.bolsaplast.com\/normas-de-uso\/#breadcrumb\",\"itemListElement\":[{\"@type\":\"ListItem\",\"position\":1,\"name\":\"Portada\",\"item\":\"https:\/\/www.bolsaplast.com\/\"},{\"@type\":\"ListItem\",\"position\":2,\"name\":\"Normas de uso\"}]},{\"@type\":\"WebSite\",\"@id\":\"https:\/\/www.bolsaplast.com\/#website\",\"url\":\"https:\/\/www.bolsaplast.com\/\",\"name\":\"Bolsaplast\",\"description\":\"Especializados en packaging flexible y medical packaging\",\"potentialAction\":[{\"@type\":\"SearchAction\",\"target\":{\"@type\":\"EntryPoint\",\"urlTemplate\":\"https:\/\/www.bolsaplast.com\/?s={search_term_string}\"},\"query-input\":{\"@type\":\"PropertyValueSpecification\",\"valueRequired\":true,\"valueName\":\"search_term_string\"}}],\"inLanguage\":\"fr-FR\"}]}<\/script>\n<!-- \/ Yoast SEO plugin. -->","yoast_head_json":{"title":"R\u00e8gles d'utilisation - Bolsaplast","robots":{"index":"index","follow":"follow","max-snippet":"max-snippet:-1","max-image-preview":"max-image-preview:large","max-video-preview":"max-video-preview:-1"},"canonical":"https:\/\/www.bolsaplast.com\/fr\/regles-dutilisation\/","og_locale":"fr_FR","og_type":"article","og_title":"Normas de uso - Bolsaplast","og_description":"El titular de la web www.bolsaplast.com (\u201cWeb\u201d) es la sociedad BOLSAPLAST S.L. que opera bajo la marca comercial \u2018Bolsaplast\u2019, cuyos datos de identificaci\u00f3n son los siguientes: INFORMACI\u00d3N LEGAL: Empresa:\u00a0BOLSAPLAST S.L. CIF:\u00a0B-08808990 Direcci\u00f3n:\u00a0C. Bernat Metge, 110-112 08205 Sabadell (Barcelona), Espa\u00f1a Tel\u00e9fono:\u00a0+34 93 711 73 61 E-mail:\u00a0bolsaplast@bolsaplast.com Acceso a la Web Las presentes Condiciones Generales de Acceso [&hellip;]","og_url":"https:\/\/www.bolsaplast.com\/fr\/regles-dutilisation\/","og_site_name":"Bolsaplast","twitter_card":"summary_large_image","twitter_misc":{"Dur\u00e9e de lecture estim\u00e9e":"7 minutes"},"schema":{"@context":"https:\/\/schema.org","@graph":[{"@type":"WebPage","@id":"https:\/\/www.bolsaplast.com\/normas-de-uso\/","url":"https:\/\/www.bolsaplast.com\/normas-de-uso\/","name":"R\u00e8gles d'utilisation - Bolsaplast","isPartOf":{"@id":"https:\/\/www.bolsaplast.com\/#website"},"datePublished":"2026-01-14T09:02:35+00:00","breadcrumb":{"@id":"https:\/\/www.bolsaplast.com\/normas-de-uso\/#breadcrumb"},"inLanguage":"fr-FR","potentialAction":[{"@type":"ReadAction","target":["https:\/\/www.bolsaplast.com\/normas-de-uso\/"]}]},{"@type":"BreadcrumbList","@id":"https:\/\/www.bolsaplast.com\/normas-de-uso\/#breadcrumb","itemListElement":[{"@type":"ListItem","position":1,"name":"Portada","item":"https:\/\/www.bolsaplast.com\/"},{"@type":"ListItem","position":2,"name":"Normas de uso"}]},{"@type":"WebSite","@id":"https:\/\/www.bolsaplast.com\/#website","url":"https:\/\/www.bolsaplast.com\/","name":"Bolsaplast","description":"Sp\u00e9cialis\u00e9 dans l'emballage flexible et l'emballage m\u00e9dical","potentialAction":[{"@type":"SearchAction","target":{"@type":"EntryPoint","urlTemplate":"https:\/\/www.bolsaplast.com\/?s={search_term_string}"},"query-input":{"@type":"PropertyValueSpecification","valueRequired":true,"valueName":"search_term_string"}}],"inLanguage":"fr-FR"}]}},"_links":{"self":[{"href":"https:\/\/www.bolsaplast.com\/fr\/wp-json\/wp\/v2\/pages\/579","targetHints":{"allow":["GET"]}}],"collection":[{"href":"https:\/\/www.bolsaplast.com\/fr\/wp-json\/wp\/v2\/pages"}],"about":[{"href":"https:\/\/www.bolsaplast.com\/fr\/wp-json\/wp\/v2\/types\/page"}],"author":[{"embeddable":true,"href":"https:\/\/www.bolsaplast.com\/fr\/wp-json\/wp\/v2\/users\/1"}],"replies":[{"embeddable":true,"href":"https:\/\/www.bolsaplast.com\/fr\/wp-json\/wp\/v2\/comments?post=579"}],"version-history":[{"count":1,"href":"https:\/\/www.bolsaplast.com\/fr\/wp-json\/wp\/v2\/pages\/579\/revisions"}],"predecessor-version":[{"id":580,"href":"https:\/\/www.bolsaplast.com\/fr\/wp-json\/wp\/v2\/pages\/579\/revisions\/580"}],"wp:attachment":[{"href":"https:\/\/www.bolsaplast.com\/fr\/wp-json\/wp\/v2\/media?parent=579"}],"curies":[{"name":"wp","href":"https:\/\/api.w.org\/{rel}","templated":true}]}}