{"id":655,"date":"2026-02-09T09:49:24","date_gmt":"2026-02-09T09:49:24","guid":{"rendered":"https:\/\/www.bolsaplast.com\/?page_id=655"},"modified":"2026-02-09T11:34:38","modified_gmt":"2026-02-09T11:34:38","slug":"materiaux-conventionnels","status":"publish","type":"page","link":"https:\/\/www.bolsaplast.com\/fr\/materiaux\/materiaux-conventionnels\/","title":{"rendered":"Mat\u00e9riaux conventionnels"},"content":{"rendered":"<p><b>Structures multicouches \u00e0 haute performance, d\u00e9velopp\u00e9es pour assurer une barri\u00e8re efficace, une r\u00e9sistance m\u00e9canique et une stabilit\u00e9 de la machine.<\/b><\/p>\n<p><span style=\"font-weight: 400;\">Le meilleur choix pour les produits n\u00e9cessitant une conservation optimale et les processus d'emballage exigeants.<\/span><\/p>\n<p><b>Principaux mat\u00e9riaux utilis\u00e9s<\/b><\/p>\n<ul>\n<li><b>PET (Polyester) et PET m\u00e9tallis\u00e9<\/b><b><br \/>\n<\/b><span style=\"font-weight: 400;\"> Le PET est un mat\u00e9riau largement utilis\u00e9 en raison de sa <\/span><b>rigidit\u00e9, stabilit\u00e9 dimensionnelle et bonne r\u00e9sistance m\u00e9canique<\/b><span style=\"font-weight: 400;\">. Il offre une barri\u00e8re mod\u00e9r\u00e9e et un excellent support d'impression.<\/span><span style=\"font-weight: 400;\"><br \/>\n<\/span><span style=\"font-weight: 400;\"> Les <\/span><b>PET m\u00e9tallis\u00e9<\/b><span style=\"font-weight: 400;\"> incorpore une fine couche m\u00e9tallique qui am\u00e9liore de mani\u00e8re significative la <\/span><b>barri\u00e8re contre la lumi\u00e8re, l'oxyg\u00e8ne et la vapeur d'eau.<\/b><span style=\"font-weight: 400;\">Il est id\u00e9al pour les produits sensibles qui n\u00e9cessitent une protection accrue.<\/span><\/li>\n<li><b>Aluminium (AL)<br \/>\n<\/b>L'aluminium offre une <b>barri\u00e8re totale<\/b> contre la lumi\u00e8re, l'oxyg\u00e8ne, l'humidit\u00e9 et les ar\u00f4mes. C'est l'un des mat\u00e9riaux les plus efficaces pour assurer la conservation des produits, en particulier dans les applications o\u00f9 la protection est essentielle.<\/li>\n<li><b>OPA (Polyamide)<br \/>\n<\/b>L'OPA se distingue par une <b>r\u00e9sistance \u00e9lev\u00e9e aux chocs, \u00e0 la perforation et \u00e0 la d\u00e9chirure<\/b>, Il est particuli\u00e8rement adapt\u00e9 aux produits qui n\u00e9cessitent une plus grande r\u00e9sistance pendant le transport et la manutention.<\/li>\n<li><b>LDPE (poly\u00e9thyl\u00e8ne basse densit\u00e9)<br \/>\n<\/b>Le PEBD est principalement utilis\u00e9 comme <b>couche d'\u00e9tanch\u00e9it\u00e9<\/b>, gr\u00e2ce \u00e0 sa flexibilit\u00e9, sa r\u00e9sistance \u00e0 l'humidit\u00e9 et son excellente capacit\u00e9 de scellage, garantissant des joints s\u00fbrs et \u00e9tanches.<\/li>\n<li><b>OPP (polypropyl\u00e8ne orient\u00e9) et OPP m\u00e9tallis\u00e9<br \/>\n<\/b>L'OPP est un mat\u00e9riau tr\u00e8s polyvalent, appr\u00e9ci\u00e9 pour ses qualit\u00e9s suivantes: <b>transparence, rigidit\u00e9 et bonne finition de surface<\/b>, id\u00e9al pour les emballages pr\u00e9sentant des exigences esth\u00e9tiques \u00e9lev\u00e9es.<br \/>\nLes <b>OPP m\u00e9tallis\u00e9<\/b> am\u00e9liore ses propri\u00e9t\u00e9s de barri\u00e8re, offrant une meilleure protection contre la lumi\u00e8re et l'oxyg\u00e8ne.<\/li>\n<\/ul>\n<p><span style=\"font-weight: 400;\">BOLSAPLAST a \u00e9galement <\/span><b>structures adapt\u00e9es aux processus thermiques,<\/b><span style=\"font-weight: 400;\">comme la pasteurisation et la st\u00e9rilisation, tout en maintenant l'int\u00e9grit\u00e9 de l'emballage et la s\u00e9curit\u00e9 du produit.<\/span><\/p>","protected":false},"excerpt":{"rendered":"<p>Estructuras multicapa de altas prestaciones, desarrolladas para asegurar una barrera eficiente, resistencia mec\u00e1nica y estabilidad en m\u00e1quina. La mejor opci\u00f3n para productos que requieren una conservaci\u00f3n \u00f3ptima y procesos de envasado exigentes. Principales materiales utilizados PET (Poli\u00e9ster) y PET metalizado El PET es un material ampliamente utilizado por su rigidez, estabilidad dimensional y buena resistencia [&hellip;]<\/p>","protected":false},"author":1,"featured_media":724,"parent":715,"menu_order":0,"comment_status":"closed","ping_status":"closed","template":"page-material.php","meta":{"_acf_changed":false,"footnotes":""},"class_list":["post-655","page","type-page","status-publish","has-post-thumbnail","hentry"],"acf":[],"yoast_head":"<!-- This site is optimized with the Yoast SEO plugin v26.8 - https:\/\/yoast.com\/product\/yoast-seo-wordpress\/ -->\n<title>Materiales convencionales - Bolsaplast<\/title>\n<meta name=\"robots\" content=\"index, follow, max-snippet:-1, max-image-preview:large, max-video-preview:-1\" \/>\n<link rel=\"canonical\" href=\"https:\/\/www.bolsaplast.com\/fr\/materiaux\/materiaux-conventionnels\/\" \/>\n<meta property=\"og:locale\" content=\"fr_FR\" \/>\n<meta property=\"og:type\" content=\"article\" \/>\n<meta property=\"og:title\" content=\"Materiales convencionales - Bolsaplast\" \/>\n<meta property=\"og:description\" content=\"Estructuras multicapa de altas prestaciones, desarrolladas para asegurar una barrera eficiente, resistencia mec\u00e1nica y estabilidad en m\u00e1quina. La mejor opci\u00f3n para productos que requieren una conservaci\u00f3n \u00f3ptima y procesos de envasado exigentes. Principales materiales utilizados PET (Poli\u00e9ster) y PET metalizado El PET es un material ampliamente utilizado por su rigidez, estabilidad dimensional y buena resistencia [&hellip;]\" \/>\n<meta property=\"og:url\" content=\"https:\/\/www.bolsaplast.com\/fr\/materiaux\/materiaux-conventionnels\/\" \/>\n<meta property=\"og:site_name\" content=\"Bolsaplast\" \/>\n<meta property=\"article:modified_time\" content=\"2026-02-09T11:34:38+00:00\" \/>\n<meta property=\"og:image\" content=\"https:\/\/www.bolsaplast.com\/wp-content\/uploads\/2026\/02\/CONVENCIONALES-topaz-upscale-2x-scaled.jpeg\" \/>\n\t<meta property=\"og:image:width\" content=\"2560\" \/>\n\t<meta property=\"og:image:height\" content=\"1086\" \/>\n\t<meta property=\"og:image:type\" content=\"image\/jpeg\" \/>\n<meta name=\"twitter:card\" content=\"summary_large_image\" \/>\n<meta name=\"twitter:label1\" content=\"Dur\u00e9e de lecture estim\u00e9e\" \/>\n\t<meta name=\"twitter:data1\" content=\"2 minutes\" \/>\n<script type=\"application\/ld+json\" class=\"yoast-schema-graph\">{\"@context\":\"https:\/\/schema.org\",\"@graph\":[{\"@type\":\"WebPage\",\"@id\":\"https:\/\/www.bolsaplast.com\/materiales\/materiales-convencionales\/\",\"url\":\"https:\/\/www.bolsaplast.com\/materiales\/materiales-convencionales\/\",\"name\":\"Materiales convencionales - Bolsaplast\",\"isPartOf\":{\"@id\":\"https:\/\/www.bolsaplast.com\/#website\"},\"primaryImageOfPage\":{\"@id\":\"https:\/\/www.bolsaplast.com\/materiales\/materiales-convencionales\/#primaryimage\"},\"image\":{\"@id\":\"https:\/\/www.bolsaplast.com\/materiales\/materiales-convencionales\/#primaryimage\"},\"thumbnailUrl\":\"https:\/\/www.bolsaplast.com\/wp-content\/uploads\/2026\/02\/CONVENCIONALES-topaz-upscale-2x-scaled.jpeg\",\"datePublished\":\"2026-02-09T09:49:24+00:00\",\"dateModified\":\"2026-02-09T11:34:38+00:00\",\"breadcrumb\":{\"@id\":\"https:\/\/www.bolsaplast.com\/materiales\/materiales-convencionales\/#breadcrumb\"},\"inLanguage\":\"fr-FR\",\"potentialAction\":[{\"@type\":\"ReadAction\",\"target\":[\"https:\/\/www.bolsaplast.com\/materiales\/materiales-convencionales\/\"]}]},{\"@type\":\"ImageObject\",\"inLanguage\":\"fr-FR\",\"@id\":\"https:\/\/www.bolsaplast.com\/materiales\/materiales-convencionales\/#primaryimage\",\"url\":\"https:\/\/www.bolsaplast.com\/wp-content\/uploads\/2026\/02\/CONVENCIONALES-topaz-upscale-2x-scaled.jpeg\",\"contentUrl\":\"https:\/\/www.bolsaplast.com\/wp-content\/uploads\/2026\/02\/CONVENCIONALES-topaz-upscale-2x-scaled.jpeg\",\"width\":2560,\"height\":1086},{\"@type\":\"BreadcrumbList\",\"@id\":\"https:\/\/www.bolsaplast.com\/materiales\/materiales-convencionales\/#breadcrumb\",\"itemListElement\":[{\"@type\":\"ListItem\",\"position\":1,\"name\":\"Portada\",\"item\":\"https:\/\/www.bolsaplast.com\/\"},{\"@type\":\"ListItem\",\"position\":2,\"name\":\"Materiales\",\"item\":\"https:\/\/www.bolsaplast.com\/materiales\/\"},{\"@type\":\"ListItem\",\"position\":3,\"name\":\"Materiales convencionales\"}]},{\"@type\":\"WebSite\",\"@id\":\"https:\/\/www.bolsaplast.com\/#website\",\"url\":\"https:\/\/www.bolsaplast.com\/\",\"name\":\"Bolsaplast\",\"description\":\"Especializados en packaging flexible y medical packaging\",\"potentialAction\":[{\"@type\":\"SearchAction\",\"target\":{\"@type\":\"EntryPoint\",\"urlTemplate\":\"https:\/\/www.bolsaplast.com\/?s={search_term_string}\"},\"query-input\":{\"@type\":\"PropertyValueSpecification\",\"valueRequired\":true,\"valueName\":\"search_term_string\"}}],\"inLanguage\":\"fr-FR\"}]}<\/script>\n<!-- \/ Yoast SEO plugin. -->","yoast_head_json":{"title":"Mat\u00e9riaux conventionnels - Bolsaplast","robots":{"index":"index","follow":"follow","max-snippet":"max-snippet:-1","max-image-preview":"max-image-preview:large","max-video-preview":"max-video-preview:-1"},"canonical":"https:\/\/www.bolsaplast.com\/fr\/materiaux\/materiaux-conventionnels\/","og_locale":"fr_FR","og_type":"article","og_title":"Materiales convencionales - Bolsaplast","og_description":"Estructuras multicapa de altas prestaciones, desarrolladas para asegurar una barrera eficiente, resistencia mec\u00e1nica y estabilidad en m\u00e1quina. La mejor opci\u00f3n para productos que requieren una conservaci\u00f3n \u00f3ptima y procesos de envasado exigentes. Principales materiales utilizados PET (Poli\u00e9ster) y PET metalizado El PET es un material ampliamente utilizado por su rigidez, estabilidad dimensional y buena resistencia [&hellip;]","og_url":"https:\/\/www.bolsaplast.com\/fr\/materiaux\/materiaux-conventionnels\/","og_site_name":"Bolsaplast","article_modified_time":"2026-02-09T11:34:38+00:00","og_image":[{"width":2560,"height":1086,"url":"https:\/\/www.bolsaplast.com\/wp-content\/uploads\/2026\/02\/CONVENCIONALES-topaz-upscale-2x-scaled.jpeg","type":"image\/jpeg"}],"twitter_card":"summary_large_image","twitter_misc":{"Dur\u00e9e de lecture estim\u00e9e":"2 minutes"},"schema":{"@context":"https:\/\/schema.org","@graph":[{"@type":"WebPage","@id":"https:\/\/www.bolsaplast.com\/materiales\/materiales-convencionales\/","url":"https:\/\/www.bolsaplast.com\/materiales\/materiales-convencionales\/","name":"Mat\u00e9riaux conventionnels - Bolsaplast","isPartOf":{"@id":"https:\/\/www.bolsaplast.com\/#website"},"primaryImageOfPage":{"@id":"https:\/\/www.bolsaplast.com\/materiales\/materiales-convencionales\/#primaryimage"},"image":{"@id":"https:\/\/www.bolsaplast.com\/materiales\/materiales-convencionales\/#primaryimage"},"thumbnailUrl":"https:\/\/www.bolsaplast.com\/wp-content\/uploads\/2026\/02\/CONVENCIONALES-topaz-upscale-2x-scaled.jpeg","datePublished":"2026-02-09T09:49:24+00:00","dateModified":"2026-02-09T11:34:38+00:00","breadcrumb":{"@id":"https:\/\/www.bolsaplast.com\/materiales\/materiales-convencionales\/#breadcrumb"},"inLanguage":"fr-FR","potentialAction":[{"@type":"ReadAction","target":["https:\/\/www.bolsaplast.com\/materiales\/materiales-convencionales\/"]}]},{"@type":"ImageObject","inLanguage":"fr-FR","@id":"https:\/\/www.bolsaplast.com\/materiales\/materiales-convencionales\/#primaryimage","url":"https:\/\/www.bolsaplast.com\/wp-content\/uploads\/2026\/02\/CONVENCIONALES-topaz-upscale-2x-scaled.jpeg","contentUrl":"https:\/\/www.bolsaplast.com\/wp-content\/uploads\/2026\/02\/CONVENCIONALES-topaz-upscale-2x-scaled.jpeg","width":2560,"height":1086},{"@type":"BreadcrumbList","@id":"https:\/\/www.bolsaplast.com\/materiales\/materiales-convencionales\/#breadcrumb","itemListElement":[{"@type":"ListItem","position":1,"name":"Portada","item":"https:\/\/www.bolsaplast.com\/"},{"@type":"ListItem","position":2,"name":"Materiales","item":"https:\/\/www.bolsaplast.com\/materiales\/"},{"@type":"ListItem","position":3,"name":"Materiales convencionales"}]},{"@type":"WebSite","@id":"https:\/\/www.bolsaplast.com\/#website","url":"https:\/\/www.bolsaplast.com\/","name":"Bolsaplast","description":"Sp\u00e9cialis\u00e9 dans l'emballage flexible et l'emballage m\u00e9dical","potentialAction":[{"@type":"SearchAction","target":{"@type":"EntryPoint","urlTemplate":"https:\/\/www.bolsaplast.com\/?s={search_term_string}"},"query-input":{"@type":"PropertyValueSpecification","valueRequired":true,"valueName":"search_term_string"}}],"inLanguage":"fr-FR"}]}},"_links":{"self":[{"href":"https:\/\/www.bolsaplast.com\/fr\/wp-json\/wp\/v2\/pages\/655","targetHints":{"allow":["GET"]}}],"collection":[{"href":"https:\/\/www.bolsaplast.com\/fr\/wp-json\/wp\/v2\/pages"}],"about":[{"href":"https:\/\/www.bolsaplast.com\/fr\/wp-json\/wp\/v2\/types\/page"}],"author":[{"embeddable":true,"href":"https:\/\/www.bolsaplast.com\/fr\/wp-json\/wp\/v2\/users\/1"}],"replies":[{"embeddable":true,"href":"https:\/\/www.bolsaplast.com\/fr\/wp-json\/wp\/v2\/comments?post=655"}],"version-history":[{"count":16,"href":"https:\/\/www.bolsaplast.com\/fr\/wp-json\/wp\/v2\/pages\/655\/revisions"}],"predecessor-version":[{"id":722,"href":"https:\/\/www.bolsaplast.com\/fr\/wp-json\/wp\/v2\/pages\/655\/revisions\/722"}],"up":[{"embeddable":true,"href":"https:\/\/www.bolsaplast.com\/fr\/wp-json\/wp\/v2\/pages\/715"}],"wp:featuredmedia":[{"embeddable":true,"href":"https:\/\/www.bolsaplast.com\/fr\/wp-json\/wp\/v2\/media\/724"}],"wp:attachment":[{"href":"https:\/\/www.bolsaplast.com\/fr\/wp-json\/wp\/v2\/media?parent=655"}],"curies":[{"name":"wp","href":"https:\/\/api.w.org\/{rel}","templated":true}]}}